{"id":12654,"date":"2025-05-13T21:02:57","date_gmt":"2025-05-13T21:02:57","guid":{"rendered":"http:\/\/imqyjed.cluster051.hosting.ovh.net\/?post_type=product&#038;p=12654"},"modified":"2025-11-07T18:29:58","modified_gmt":"2025-11-07T18:29:58","slug":"farine-depeautre-blanche","status":"publish","type":"product","link":"https:\/\/moulinlacoste.com\/index.php\/product\/farine-depeautre-blanche\/","title":{"rendered":"Farine d&rsquo;\u00c9peautre blanche"},"content":{"rendered":"<div class=\"ewa-rteLine\">\n<div class=\"ewa-rteLine\">\n<div class=\"ewa-rteLine\">\n<div class=\"ewa-rteLine\">\n<div class=\"ewa-rteLine\">\n<p class=\"p1\"><b>Mouture sur Cylindre<\/b><\/p>\n<p class=\"p2\">La mouture sur cylindre est un proc\u00e9d\u00e9 m\u00e9canique utilis\u00e9 pour produire une farine fine et uniforme. Les grains sont d\u2019abord nettoy\u00e9s, puis pass\u00e9s entre des rouleaux r\u00e9gl\u00e9s avec pr\u00e9cision, permettant de s\u00e9parer les diff\u00e9rentes parties du grain, comme le son, le germe et l\u2019endosperme. Ce proc\u00e9d\u00e9 garantit une farine de qualit\u00e9 constante, avec une texture homog\u00e8ne id\u00e9ale pour des applications industrielles. La mouture sur cylindre permet de contr\u00f4ler la taille des particules et d\u2019obtenir une farine stable et de haute performance, r\u00e9pondant aux standards de qualit\u00e9 requis pour une large gamme d\u2019usages en boulangerie et p\u00e2tisserie.<\/p>\n<\/div>\n<\/div>\n<\/div>\n<\/div>\n<\/div>\n","protected":false},"excerpt":{"rendered":"<div class=\"ewa-rteLine\">\n<div class=\"ewa-rteLine\">\n<div class=\"ewa-rteLine\">\n<div class=\"ewa-rteLine\">\n<div class=\"ewa-rteLine\">\n<div class=\"ewa-rteLine\">\n<p class=\"p1\">Notre <strong>Farine d\u2019\u00c9peautre Blanche T85<\/strong> est une farine tamis\u00e9e qui conserve une partie des \u00e9l\u00e9ments du grain tout en offrant une texture plus l\u00e9g\u00e8re que la farine enti\u00e8re. \u00c9labor\u00e9e \u00e0 partir d\u2019\u00e9peautre cultiv\u00e9 au Qu\u00e9bec, elle constitue une excellente alternative au bl\u00e9, avec une teneur int\u00e9ressante en fibres, en prot\u00e9ines et en min\u00e9raux.<\/p>\n<p class=\"p1\">De type <strong>T85<\/strong>, cette farine propose un bel \u00e9quilibre entre valeur nutritionnelle et finesse. Elle est id\u00e9ale pour la confection de pains, de p\u00e2tes fra\u00eeches et de p\u00e2tisseries, en apportant une saveur l\u00e9g\u00e8rement sucr\u00e9e et une meilleure digestibilit\u00e9 que les farines de bl\u00e9 conventionnelles.<\/p>\n<p class=\"p1\">Comme toutes nos farines, elle est certifi\u00e9e biologique et issue d\u2019une agriculture locale et durable, pour une alimentation saine et respectueuse de l\u2019environnement.<\/p>\n<p data-start=\"899\" data-end=\"1076\"><img decoding=\"async\" class=\"alignnone wp-image-10953\" src=\"https:\/\/moulinlacoste.com\/wp-content\/uploads\/2025\/03\/Creation-sans-titre-13-300x300.png\" alt=\"\" width=\"200\" height=\"200\" srcset=\"https:\/\/moulinlacoste.com\/wp-content\/uploads\/2025\/03\/Creation-sans-titre-13-300x300.png 300w, https:\/\/moulinlacoste.com\/wp-content\/uploads\/2025\/03\/Creation-sans-titre-13-100x100.png 100w, https:\/\/moulinlacoste.com\/wp-content\/uploads\/2025\/03\/Creation-sans-titre-13-150x150.png 150w, https:\/\/moulinlacoste.com\/wp-content\/uploads\/2025\/03\/elementor\/thumbs\/Creation-sans-titre-13-r3xiacffb3enlpof2i3gmi80nf3tysql5ezot05hl0.png 250w, https:\/\/moulinlacoste.com\/wp-content\/uploads\/2025\/03\/elementor\/thumbs\/Creation-sans-titre-13-r3xiacfep60fspljv1nvkgsu4r00mx4q7ip3qawvkg.png 200w, https:\/\/moulinlacoste.com\/wp-content\/uploads\/2025\/03\/Creation-sans-titre-13.png 500w\" sizes=\"(max-width: 200px) 100vw, 200px\" \/><\/p>\n<\/div>\n<\/div>\n<\/div>\n<\/div>\n<\/div>\n<\/div>\n","protected":false},"featured_media":10568,"comment_status":"closed","ping_status":"closed","template":"","meta":[],"product_cat":[138,127,146,36,102],"product_tag":[152],"class_list":{"0":"post-12654","1":"product","2":"type-product","3":"status-publish","4":"has-post-thumbnail","6":"product_cat-farines","7":"product_cat-epeautre","8":"product_cat-t85","9":"product_cat-quebec-canada","10":"product_cat-cylindre","11":"product_tag-favoris","13":"first","14":"instock","15":"shipping-taxable","16":"product-type-simple"},"yoast_head":"<!-- This site is optimized with the Yoast SEO plugin v25.2 - https:\/\/yoast.com\/wordpress\/plugins\/seo\/ -->\n<title>Farine d&#039;\u00c9peautre blanche - Moulin Lacoste<\/title>\n<meta name=\"robots\" content=\"index, follow, max-snippet:-1, max-image-preview:large, max-video-preview:-1\" \/>\n<link rel=\"canonical\" href=\"https:\/\/moulinlacoste.com\/index.php\/product\/farine-depeautre-blanche\/\" \/>\n<meta property=\"og:locale\" content=\"fr_FR\" \/>\n<meta property=\"og:type\" content=\"article\" \/>\n<meta property=\"og:title\" content=\"Farine d&#039;\u00c9peautre blanche - Moulin Lacoste\" \/>\n<meta property=\"og:description\" content=\"Notre Farine d\u2019\u00c9peautre Blanche T85 est une farine tamis\u00e9e qui conserve une partie des \u00e9l\u00e9ments du grain tout en offrant une texture plus l\u00e9g\u00e8re que la farine enti\u00e8re. \u00c9labor\u00e9e \u00e0 partir d\u2019\u00e9peautre cultiv\u00e9 au Qu\u00e9bec, elle constitue une excellente alternative au bl\u00e9, avec une teneur int\u00e9ressante en fibres, en prot\u00e9ines et en min\u00e9raux. De type T85, cette farine propose un bel \u00e9quilibre entre valeur nutritionnelle et finesse. Elle est id\u00e9ale pour la confection de pains, de p\u00e2tes fra\u00eeches et de p\u00e2tisseries, en apportant une saveur l\u00e9g\u00e8rement sucr\u00e9e et une meilleure digestibilit\u00e9 que les farines de bl\u00e9 conventionnelles. Comme toutes nos farines, elle est certifi\u00e9e biologique et issue d\u2019une agriculture locale et durable, pour une alimentation saine et respectueuse de l\u2019environnement.\" \/>\n<meta property=\"og:url\" content=\"https:\/\/moulinlacoste.com\/index.php\/product\/farine-depeautre-blanche\/\" \/>\n<meta property=\"og:site_name\" content=\"Moulin Lacoste\" \/>\n<meta property=\"article:modified_time\" content=\"2025-11-07T18:29:58+00:00\" \/>\n<meta property=\"og:image\" content=\"https:\/\/moulinlacoste.com\/wp-content\/uploads\/2025\/03\/36-Moulin-Lacoste-Farine-Biologique-Epeautre-entier-scaled.jpg\" \/>\n\t<meta property=\"og:image:width\" content=\"1707\" \/>\n\t<meta property=\"og:image:height\" content=\"2560\" \/>\n\t<meta property=\"og:image:type\" content=\"image\/jpeg\" \/>\n<meta name=\"twitter:card\" content=\"summary_large_image\" \/>\n<meta name=\"twitter:label1\" content=\"Dur\u00e9e de lecture estim\u00e9e\" \/>\n\t<meta name=\"twitter:data1\" content=\"1 minute\" \/>\n<script type=\"application\/ld+json\" class=\"yoast-schema-graph\">{\"@context\":\"https:\/\/schema.org\",\"@graph\":[{\"@type\":\"WebPage\",\"@id\":\"https:\/\/moulinlacoste.com\/index.php\/product\/farine-depeautre-blanche\/\",\"url\":\"https:\/\/moulinlacoste.com\/index.php\/product\/farine-depeautre-blanche\/\",\"name\":\"Farine d'\u00c9peautre blanche - Moulin Lacoste\",\"isPartOf\":{\"@id\":\"https:\/\/moulinlacoste.com\/#website\"},\"primaryImageOfPage\":{\"@id\":\"https:\/\/moulinlacoste.com\/index.php\/product\/farine-depeautre-blanche\/#primaryimage\"},\"image\":{\"@id\":\"https:\/\/moulinlacoste.com\/index.php\/product\/farine-depeautre-blanche\/#primaryimage\"},\"thumbnailUrl\":\"https:\/\/moulinlacoste.com\/wp-content\/uploads\/2025\/03\/36-Moulin-Lacoste-Farine-Biologique-Epeautre-entier-scaled.jpg\",\"datePublished\":\"2025-05-13T21:02:57+00:00\",\"dateModified\":\"2025-11-07T18:29:58+00:00\",\"breadcrumb\":{\"@id\":\"https:\/\/moulinlacoste.com\/index.php\/product\/farine-depeautre-blanche\/#breadcrumb\"},\"inLanguage\":\"fr-FR\",\"potentialAction\":[{\"@type\":\"ReadAction\",\"target\":[\"https:\/\/moulinlacoste.com\/index.php\/product\/farine-depeautre-blanche\/\"]}]},{\"@type\":\"ImageObject\",\"inLanguage\":\"fr-FR\",\"@id\":\"https:\/\/moulinlacoste.com\/index.php\/product\/farine-depeautre-blanche\/#primaryimage\",\"url\":\"https:\/\/moulinlacoste.com\/wp-content\/uploads\/2025\/03\/36-Moulin-Lacoste-Farine-Biologique-Epeautre-entier-scaled.jpg\",\"contentUrl\":\"https:\/\/moulinlacoste.com\/wp-content\/uploads\/2025\/03\/36-Moulin-Lacoste-Farine-Biologique-Epeautre-entier-scaled.jpg\",\"width\":1707,\"height\":2560},{\"@type\":\"BreadcrumbList\",\"@id\":\"https:\/\/moulinlacoste.com\/index.php\/product\/farine-depeautre-blanche\/#breadcrumb\",\"itemListElement\":[{\"@type\":\"ListItem\",\"position\":1,\"name\":\"Accueil\",\"item\":\"https:\/\/moulinlacoste.com\/\"},{\"@type\":\"ListItem\",\"position\":2,\"name\":\"Liste de Produits\",\"item\":\"https:\/\/moulinlacoste.com\/index.php\/produits\/liste-de-produits\/\"},{\"@type\":\"ListItem\",\"position\":3,\"name\":\"Farine d&rsquo;\u00c9peautre blanche\"}]},{\"@type\":\"WebSite\",\"@id\":\"https:\/\/moulinlacoste.com\/#website\",\"url\":\"https:\/\/moulinlacoste.com\/\",\"name\":\"Moulin Lacoste\",\"description\":\"Votre partenaire de confiance au Qu\u00e9bec, o\u00f9 l&#039;histoire qu\u00e9b\u00e9coise rencontre la passion pour une alimentation biologique de qualit\u00e9. Certifi\u00e9s biologiques, nous moulons nos grains avec soin, pr\u00e9servant l&#039;authenticit\u00e9 des saveurs gr\u00e2ce \u00e0 la tradition de la mouture sur meule de pierre. Chaque grain raconte une histoire, chaque farine est une ode \u00e0 la qualit\u00e9 et \u00e0 la durabilit\u00e9. Fond\u00e9 sur des valeurs familiales, notre moulin \u00e0 grain qu\u00e9b\u00e9cois incarne l&#039;amour pour la terre, transmis de g\u00e9n\u00e9ration en g\u00e9n\u00e9ration. Notre engagement envers la qualit\u00e9, notre m\u00e9thode de mouture, et nos liens familiaux font de chaque produit biologique une exp\u00e9rience authentique et d\u00e9licieuse.\",\"publisher\":{\"@id\":\"https:\/\/moulinlacoste.com\/#organization\"},\"potentialAction\":[{\"@type\":\"SearchAction\",\"target\":{\"@type\":\"EntryPoint\",\"urlTemplate\":\"https:\/\/moulinlacoste.com\/?s={search_term_string}\"},\"query-input\":{\"@type\":\"PropertyValueSpecification\",\"valueRequired\":true,\"valueName\":\"search_term_string\"}}],\"inLanguage\":\"fr-FR\"},{\"@type\":\"Organization\",\"@id\":\"https:\/\/moulinlacoste.com\/#organization\",\"name\":\"Moulin Lacoste\",\"url\":\"https:\/\/moulinlacoste.com\/\",\"logo\":{\"@type\":\"ImageObject\",\"inLanguage\":\"fr-FR\",\"@id\":\"https:\/\/moulinlacoste.com\/#\/schema\/logo\/image\/\",\"url\":\"https:\/\/moulinlacoste.com\/wp-content\/uploads\/2025\/04\/cropped-Logo_ML_Colore-removebg-preview-150x150-1.png\",\"contentUrl\":\"https:\/\/moulinlacoste.com\/wp-content\/uploads\/2025\/04\/cropped-Logo_ML_Colore-removebg-preview-150x150-1.png\",\"width\":150,\"height\":150,\"caption\":\"Moulin Lacoste\"},\"image\":{\"@id\":\"https:\/\/moulinlacoste.com\/#\/schema\/logo\/image\/\"}}]}<\/script>\n<!-- \/ Yoast SEO plugin. -->","yoast_head_json":{"title":"Farine d'\u00c9peautre blanche - Moulin Lacoste","robots":{"index":"index","follow":"follow","max-snippet":"max-snippet:-1","max-image-preview":"max-image-preview:large","max-video-preview":"max-video-preview:-1"},"canonical":"https:\/\/moulinlacoste.com\/index.php\/product\/farine-depeautre-blanche\/","og_locale":"fr_FR","og_type":"article","og_title":"Farine d'\u00c9peautre blanche - Moulin Lacoste","og_description":"Notre Farine d\u2019\u00c9peautre Blanche T85 est une farine tamis\u00e9e qui conserve une partie des \u00e9l\u00e9ments du grain tout en offrant une texture plus l\u00e9g\u00e8re que la farine enti\u00e8re. \u00c9labor\u00e9e \u00e0 partir d\u2019\u00e9peautre cultiv\u00e9 au Qu\u00e9bec, elle constitue une excellente alternative au bl\u00e9, avec une teneur int\u00e9ressante en fibres, en prot\u00e9ines et en min\u00e9raux. De type T85, cette farine propose un bel \u00e9quilibre entre valeur nutritionnelle et finesse. Elle est id\u00e9ale pour la confection de pains, de p\u00e2tes fra\u00eeches et de p\u00e2tisseries, en apportant une saveur l\u00e9g\u00e8rement sucr\u00e9e et une meilleure digestibilit\u00e9 que les farines de bl\u00e9 conventionnelles. Comme toutes nos farines, elle est certifi\u00e9e biologique et issue d\u2019une agriculture locale et durable, pour une alimentation saine et respectueuse de l\u2019environnement.","og_url":"https:\/\/moulinlacoste.com\/index.php\/product\/farine-depeautre-blanche\/","og_site_name":"Moulin Lacoste","article_modified_time":"2025-11-07T18:29:58+00:00","og_image":[{"width":1707,"height":2560,"url":"https:\/\/moulinlacoste.com\/wp-content\/uploads\/2025\/03\/36-Moulin-Lacoste-Farine-Biologique-Epeautre-entier-scaled.jpg","type":"image\/jpeg"}],"twitter_card":"summary_large_image","twitter_misc":{"Dur\u00e9e de lecture estim\u00e9e":"1 minute"},"schema":{"@context":"https:\/\/schema.org","@graph":[{"@type":"WebPage","@id":"https:\/\/moulinlacoste.com\/index.php\/product\/farine-depeautre-blanche\/","url":"https:\/\/moulinlacoste.com\/index.php\/product\/farine-depeautre-blanche\/","name":"Farine d'\u00c9peautre blanche - Moulin Lacoste","isPartOf":{"@id":"https:\/\/moulinlacoste.com\/#website"},"primaryImageOfPage":{"@id":"https:\/\/moulinlacoste.com\/index.php\/product\/farine-depeautre-blanche\/#primaryimage"},"image":{"@id":"https:\/\/moulinlacoste.com\/index.php\/product\/farine-depeautre-blanche\/#primaryimage"},"thumbnailUrl":"https:\/\/moulinlacoste.com\/wp-content\/uploads\/2025\/03\/36-Moulin-Lacoste-Farine-Biologique-Epeautre-entier-scaled.jpg","datePublished":"2025-05-13T21:02:57+00:00","dateModified":"2025-11-07T18:29:58+00:00","breadcrumb":{"@id":"https:\/\/moulinlacoste.com\/index.php\/product\/farine-depeautre-blanche\/#breadcrumb"},"inLanguage":"fr-FR","potentialAction":[{"@type":"ReadAction","target":["https:\/\/moulinlacoste.com\/index.php\/product\/farine-depeautre-blanche\/"]}]},{"@type":"ImageObject","inLanguage":"fr-FR","@id":"https:\/\/moulinlacoste.com\/index.php\/product\/farine-depeautre-blanche\/#primaryimage","url":"https:\/\/moulinlacoste.com\/wp-content\/uploads\/2025\/03\/36-Moulin-Lacoste-Farine-Biologique-Epeautre-entier-scaled.jpg","contentUrl":"https:\/\/moulinlacoste.com\/wp-content\/uploads\/2025\/03\/36-Moulin-Lacoste-Farine-Biologique-Epeautre-entier-scaled.jpg","width":1707,"height":2560},{"@type":"BreadcrumbList","@id":"https:\/\/moulinlacoste.com\/index.php\/product\/farine-depeautre-blanche\/#breadcrumb","itemListElement":[{"@type":"ListItem","position":1,"name":"Accueil","item":"https:\/\/moulinlacoste.com\/"},{"@type":"ListItem","position":2,"name":"Liste de Produits","item":"https:\/\/moulinlacoste.com\/index.php\/produits\/liste-de-produits\/"},{"@type":"ListItem","position":3,"name":"Farine d&rsquo;\u00c9peautre blanche"}]},{"@type":"WebSite","@id":"https:\/\/moulinlacoste.com\/#website","url":"https:\/\/moulinlacoste.com\/","name":"Moulin Lacoste","description":"Votre partenaire de confiance au Qu\u00e9bec, o\u00f9 l&#039;histoire qu\u00e9b\u00e9coise rencontre la passion pour une alimentation biologique de qualit\u00e9. Certifi\u00e9s biologiques, nous moulons nos grains avec soin, pr\u00e9servant l&#039;authenticit\u00e9 des saveurs gr\u00e2ce \u00e0 la tradition de la mouture sur meule de pierre. Chaque grain raconte une histoire, chaque farine est une ode \u00e0 la qualit\u00e9 et \u00e0 la durabilit\u00e9. Fond\u00e9 sur des valeurs familiales, notre moulin \u00e0 grain qu\u00e9b\u00e9cois incarne l&#039;amour pour la terre, transmis de g\u00e9n\u00e9ration en g\u00e9n\u00e9ration. Notre engagement envers la qualit\u00e9, notre m\u00e9thode de mouture, et nos liens familiaux font de chaque produit biologique une exp\u00e9rience authentique et d\u00e9licieuse.","publisher":{"@id":"https:\/\/moulinlacoste.com\/#organization"},"potentialAction":[{"@type":"SearchAction","target":{"@type":"EntryPoint","urlTemplate":"https:\/\/moulinlacoste.com\/?s={search_term_string}"},"query-input":{"@type":"PropertyValueSpecification","valueRequired":true,"valueName":"search_term_string"}}],"inLanguage":"fr-FR"},{"@type":"Organization","@id":"https:\/\/moulinlacoste.com\/#organization","name":"Moulin Lacoste","url":"https:\/\/moulinlacoste.com\/","logo":{"@type":"ImageObject","inLanguage":"fr-FR","@id":"https:\/\/moulinlacoste.com\/#\/schema\/logo\/image\/","url":"https:\/\/moulinlacoste.com\/wp-content\/uploads\/2025\/04\/cropped-Logo_ML_Colore-removebg-preview-150x150-1.png","contentUrl":"https:\/\/moulinlacoste.com\/wp-content\/uploads\/2025\/04\/cropped-Logo_ML_Colore-removebg-preview-150x150-1.png","width":150,"height":150,"caption":"Moulin Lacoste"},"image":{"@id":"https:\/\/moulinlacoste.com\/#\/schema\/logo\/image\/"}}]}},"_links":{"self":[{"href":"https:\/\/moulinlacoste.com\/index.php\/wp-json\/wp\/v2\/product\/12654","targetHints":{"allow":["GET"]}}],"collection":[{"href":"https:\/\/moulinlacoste.com\/index.php\/wp-json\/wp\/v2\/product"}],"about":[{"href":"https:\/\/moulinlacoste.com\/index.php\/wp-json\/wp\/v2\/types\/product"}],"replies":[{"embeddable":true,"href":"https:\/\/moulinlacoste.com\/index.php\/wp-json\/wp\/v2\/comments?post=12654"}],"wp:featuredmedia":[{"embeddable":true,"href":"https:\/\/moulinlacoste.com\/index.php\/wp-json\/wp\/v2\/media\/10568"}],"wp:attachment":[{"href":"https:\/\/moulinlacoste.com\/index.php\/wp-json\/wp\/v2\/media?parent=12654"}],"wp:term":[{"taxonomy":"product_cat","embeddable":true,"href":"https:\/\/moulinlacoste.com\/index.php\/wp-json\/wp\/v2\/product_cat?post=12654"},{"taxonomy":"product_tag","embeddable":true,"href":"https:\/\/moulinlacoste.com\/index.php\/wp-json\/wp\/v2\/product_tag?post=12654"}],"curies":[{"name":"wp","href":"https:\/\/api.w.org\/{rel}","templated":true}]}}