{"id":10650,"date":"2025-03-09T23:58:06","date_gmt":"2025-03-09T23:58:06","guid":{"rendered":"https:\/\/imqyjed.cluster051.hosting.ovh.net\/?post_type=product&#038;p=10650"},"modified":"2025-05-12T22:28:36","modified_gmt":"2025-05-12T22:28:36","slug":"melange-a-muffins-son-davoine","status":"publish","type":"product","link":"https:\/\/moulinlacoste.com\/index.php\/product\/melange-a-muffins-son-davoine\/","title":{"rendered":"M\u00e9lange \u00e0 muffins &#8211; Son d&rsquo;avoine"},"content":{"rendered":"<div class=\"ewa-rteLine\">\n<div class=\"ewa-rteLine\">\n<div class=\"ewa-rteLine\">\n<div class=\"ewa-rteLine\">\n<div class=\"ewa-rteLine\">\n<div class=\"ewa-rteLine\">\n<div class=\"ewa-rteLine\">\n<div class=\"ewa-rteLine\">\n<div class=\"ewa-rteLine\">\n<div class=\"ewa-rteLine\">\n<div class=\"ewa-rteLine\">\n<div class=\"ewa-rteLine\">\n<p class=\"p1\"><b>Recette de Muffins avec M\u00e9lange \u00e0 Muffins<\/b><\/p>\n<ul class=\"ul1\">\n<li class=\"li2\">1 tasse de lait (soya, avoine ou autres)<\/li>\n<li class=\"li2\">3\/4 de tasse de compote de pommes ou autres pur\u00e9es (ou remplacer par 1 \u0153uf)<\/li>\n<li class=\"li2\">3 tasse de<b> M\u00e9lange \u00e0 Muffins<\/b><\/li>\n<\/ul>\n<p class=\"p2\">Pr\u00e9paration : M\u00e9langez tous les ingr\u00e9dients jusqu&rsquo;\u00e0 obtenir une consistance lisse et homog\u00e8ne. Versez la p\u00e2te dans des moules \u00e0 muffins graiss\u00e9s. Pr\u00e9chauffez le four \u00e0 175\u00b0C (375\u00b0F) et faites cuire pendant 18 \u00e0 20 minutes, ou jusqu\u2019\u00e0 ce que les muffins soient dor\u00e9s et que la lame d\u2019un couteau en ressorte propre. Cette recette donne environ 12 muffins.<\/p>\n<p class=\"p2\">Vous pouvez ajouter des fruits, des noix ou des morceaux de chocolat pour personnaliser vos muffins selon vos pr\u00e9f\u00e9rences.<\/p>\n<\/div>\n<\/div>\n<\/div>\n<\/div>\n<\/div>\n<\/div>\n<\/div>\n<\/div>\n<\/div>\n<\/div>\n<\/div>\n<\/div>\n","protected":false},"excerpt":{"rendered":"<div class=\"ewa-rteLine\">\n<div class=\"ewa-rteLine\">\n<div class=\"ewa-rteLine\">\n<div class=\"ewa-rteLine\">\n<div class=\"ewa-rteLine\">\n<div class=\"ewa-rteLine\">\n<div class=\"ewa-rteLine\">\n<div class=\"ewa-rteLine\">\n<div class=\"ewa-rteLine\">\n<div class=\"ewa-rteLine\">\n<p class=\"\" data-start=\"101\" data-end=\"444\">Le <strong data-start=\"1364\" data-end=\"1398\">M\u00e9lange \u00e0 Muffins Son d&rsquo;Avoine<\/strong> combine les bienfaits du son d&rsquo;avoine, riche en fibres solubles, avec des ingr\u00e9dients biologiques soigneusement s\u00e9lectionn\u00e9s pour une texture ferme. Ce m\u00e9lange nourissant est id\u00e9al pour le petit d\u00e9jeuner ou une collation saine. Le son d&rsquo;avoine, reconnu pour ses propri\u00e9t\u00e9s b\u00e9n\u00e9fiques pour la sant\u00e9 cardiovasculaire, enrichit ce m\u00e9lange d&rsquo;une saveur douce et l\u00e9g\u00e8rement sucr\u00e9e.<\/p>\n<p data-start=\"792\" data-end=\"999\"><img decoding=\"async\" class=\"alignnone wp-image-10953\" src=\"https:\/\/moulinlacoste.com\/wp-content\/uploads\/2025\/03\/Creation-sans-titre-13-300x300.png\" alt=\"\" width=\"200\" height=\"200\" srcset=\"https:\/\/moulinlacoste.com\/wp-content\/uploads\/2025\/03\/Creation-sans-titre-13-300x300.png 300w, https:\/\/moulinlacoste.com\/wp-content\/uploads\/2025\/03\/Creation-sans-titre-13-100x100.png 100w, https:\/\/moulinlacoste.com\/wp-content\/uploads\/2025\/03\/Creation-sans-titre-13-150x150.png 150w, https:\/\/moulinlacoste.com\/wp-content\/uploads\/2025\/03\/elementor\/thumbs\/Creation-sans-titre-13-r3xiacffb3enlpof2i3gmi80nf3tysql5ezot05hl0.png 250w, https:\/\/moulinlacoste.com\/wp-content\/uploads\/2025\/03\/elementor\/thumbs\/Creation-sans-titre-13-r3xiacfep60fspljv1nvkgsu4r00mx4q7ip3qawvkg.png 200w, https:\/\/moulinlacoste.com\/wp-content\/uploads\/2025\/03\/Creation-sans-titre-13.png 500w\" sizes=\"(max-width: 200px) 100vw, 200px\" \/><\/p>\n<\/div>\n<\/div>\n<\/div>\n<\/div>\n<\/div>\n<\/div>\n<\/div>\n<\/div>\n<\/div>\n<\/div>\n","protected":false},"featured_media":10500,"comment_status":"closed","ping_status":"closed","template":"","meta":[],"product_cat":[139,129,36,101],"product_tag":[],"class_list":{"0":"post-10650","1":"product","2":"type-product","3":"status-publish","4":"has-post-thumbnail","6":"product_cat-melanges","7":"product_cat-avoine","8":"product_cat-quebec-canada","9":"product_cat-meule-de-pierre","11":"first","12":"instock","13":"shipping-taxable","14":"product-type-simple"},"yoast_head":"<!-- This site is optimized with the Yoast SEO plugin v25.2 - https:\/\/yoast.com\/wordpress\/plugins\/seo\/ -->\n<title>M\u00e9lange \u00e0 muffins - Son d&#039;avoine - Moulin Lacoste<\/title>\n<meta name=\"robots\" content=\"index, follow, max-snippet:-1, max-image-preview:large, max-video-preview:-1\" \/>\n<link rel=\"canonical\" href=\"https:\/\/moulinlacoste.com\/index.php\/product\/melange-a-muffins-son-davoine\/\" \/>\n<meta property=\"og:locale\" content=\"fr_FR\" \/>\n<meta property=\"og:type\" content=\"article\" \/>\n<meta property=\"og:title\" content=\"M\u00e9lange \u00e0 muffins - Son d&#039;avoine - Moulin Lacoste\" \/>\n<meta property=\"og:description\" content=\"Le M\u00e9lange \u00e0 Muffins Son d&#039;Avoine combine les bienfaits du son d&#039;avoine, riche en fibres solubles, avec des ingr\u00e9dients biologiques soigneusement s\u00e9lectionn\u00e9s pour une texture ferme. Ce m\u00e9lange nourissant est id\u00e9al pour le petit d\u00e9jeuner ou une collation saine. Le son d&#039;avoine, reconnu pour ses propri\u00e9t\u00e9s b\u00e9n\u00e9fiques pour la sant\u00e9 cardiovasculaire, enrichit ce m\u00e9lange d&#039;une saveur douce et l\u00e9g\u00e8rement sucr\u00e9e.\" \/>\n<meta property=\"og:url\" content=\"https:\/\/moulinlacoste.com\/index.php\/product\/melange-a-muffins-son-davoine\/\" \/>\n<meta property=\"og:site_name\" content=\"Moulin Lacoste\" \/>\n<meta property=\"article:modified_time\" content=\"2025-05-12T22:28:36+00:00\" \/>\n<meta property=\"og:image\" content=\"https:\/\/moulinlacoste.com\/wp-content\/uploads\/2025\/03\/80-Moulin-Lacoste-Produit-Biologique-Muffin-Son-Avoine-scaled.jpg\" \/>\n\t<meta property=\"og:image:width\" content=\"1707\" \/>\n\t<meta property=\"og:image:height\" content=\"2560\" \/>\n\t<meta property=\"og:image:type\" content=\"image\/jpeg\" \/>\n<meta name=\"twitter:card\" content=\"summary_large_image\" \/>\n<meta name=\"twitter:label1\" content=\"Dur\u00e9e de lecture estim\u00e9e\" \/>\n\t<meta name=\"twitter:data1\" content=\"1 minute\" \/>\n<script type=\"application\/ld+json\" class=\"yoast-schema-graph\">{\"@context\":\"https:\/\/schema.org\",\"@graph\":[{\"@type\":\"WebPage\",\"@id\":\"https:\/\/moulinlacoste.com\/index.php\/product\/melange-a-muffins-son-davoine\/\",\"url\":\"https:\/\/moulinlacoste.com\/index.php\/product\/melange-a-muffins-son-davoine\/\",\"name\":\"M\u00e9lange \u00e0 muffins - Son d'avoine - Moulin Lacoste\",\"isPartOf\":{\"@id\":\"https:\/\/moulinlacoste.com\/#website\"},\"primaryImageOfPage\":{\"@id\":\"https:\/\/moulinlacoste.com\/index.php\/product\/melange-a-muffins-son-davoine\/#primaryimage\"},\"image\":{\"@id\":\"https:\/\/moulinlacoste.com\/index.php\/product\/melange-a-muffins-son-davoine\/#primaryimage\"},\"thumbnailUrl\":\"https:\/\/moulinlacoste.com\/wp-content\/uploads\/2025\/03\/80-Moulin-Lacoste-Produit-Biologique-Muffin-Son-Avoine-scaled.jpg\",\"datePublished\":\"2025-03-09T23:58:06+00:00\",\"dateModified\":\"2025-05-12T22:28:36+00:00\",\"breadcrumb\":{\"@id\":\"https:\/\/moulinlacoste.com\/index.php\/product\/melange-a-muffins-son-davoine\/#breadcrumb\"},\"inLanguage\":\"fr-FR\",\"potentialAction\":[{\"@type\":\"ReadAction\",\"target\":[\"https:\/\/moulinlacoste.com\/index.php\/product\/melange-a-muffins-son-davoine\/\"]}]},{\"@type\":\"ImageObject\",\"inLanguage\":\"fr-FR\",\"@id\":\"https:\/\/moulinlacoste.com\/index.php\/product\/melange-a-muffins-son-davoine\/#primaryimage\",\"url\":\"https:\/\/moulinlacoste.com\/wp-content\/uploads\/2025\/03\/80-Moulin-Lacoste-Produit-Biologique-Muffin-Son-Avoine-scaled.jpg\",\"contentUrl\":\"https:\/\/moulinlacoste.com\/wp-content\/uploads\/2025\/03\/80-Moulin-Lacoste-Produit-Biologique-Muffin-Son-Avoine-scaled.jpg\",\"width\":1707,\"height\":2560},{\"@type\":\"BreadcrumbList\",\"@id\":\"https:\/\/moulinlacoste.com\/index.php\/product\/melange-a-muffins-son-davoine\/#breadcrumb\",\"itemListElement\":[{\"@type\":\"ListItem\",\"position\":1,\"name\":\"Accueil\",\"item\":\"https:\/\/moulinlacoste.com\/\"},{\"@type\":\"ListItem\",\"position\":2,\"name\":\"Liste de Produits\",\"item\":\"https:\/\/moulinlacoste.com\/index.php\/produits\/liste-de-produits\/\"},{\"@type\":\"ListItem\",\"position\":3,\"name\":\"M\u00e9lange \u00e0 muffins &#8211; Son d&rsquo;avoine\"}]},{\"@type\":\"WebSite\",\"@id\":\"https:\/\/moulinlacoste.com\/#website\",\"url\":\"https:\/\/moulinlacoste.com\/\",\"name\":\"Moulin Lacoste\",\"description\":\"Votre partenaire de confiance au Qu\u00e9bec, o\u00f9 l&#039;histoire qu\u00e9b\u00e9coise rencontre la passion pour une alimentation biologique de qualit\u00e9. Certifi\u00e9s biologiques, nous moulons nos grains avec soin, pr\u00e9servant l&#039;authenticit\u00e9 des saveurs gr\u00e2ce \u00e0 la tradition de la mouture sur meule de pierre. Chaque grain raconte une histoire, chaque farine est une ode \u00e0 la qualit\u00e9 et \u00e0 la durabilit\u00e9. Fond\u00e9 sur des valeurs familiales, notre moulin \u00e0 grain qu\u00e9b\u00e9cois incarne l&#039;amour pour la terre, transmis de g\u00e9n\u00e9ration en g\u00e9n\u00e9ration. Notre engagement envers la qualit\u00e9, notre m\u00e9thode de mouture, et nos liens familiaux font de chaque produit biologique une exp\u00e9rience authentique et d\u00e9licieuse.\",\"publisher\":{\"@id\":\"https:\/\/moulinlacoste.com\/#organization\"},\"potentialAction\":[{\"@type\":\"SearchAction\",\"target\":{\"@type\":\"EntryPoint\",\"urlTemplate\":\"https:\/\/moulinlacoste.com\/?s={search_term_string}\"},\"query-input\":{\"@type\":\"PropertyValueSpecification\",\"valueRequired\":true,\"valueName\":\"search_term_string\"}}],\"inLanguage\":\"fr-FR\"},{\"@type\":\"Organization\",\"@id\":\"https:\/\/moulinlacoste.com\/#organization\",\"name\":\"Moulin Lacoste\",\"url\":\"https:\/\/moulinlacoste.com\/\",\"logo\":{\"@type\":\"ImageObject\",\"inLanguage\":\"fr-FR\",\"@id\":\"https:\/\/moulinlacoste.com\/#\/schema\/logo\/image\/\",\"url\":\"https:\/\/moulinlacoste.com\/wp-content\/uploads\/2025\/04\/cropped-Logo_ML_Colore-removebg-preview-150x150-1.png\",\"contentUrl\":\"https:\/\/moulinlacoste.com\/wp-content\/uploads\/2025\/04\/cropped-Logo_ML_Colore-removebg-preview-150x150-1.png\",\"width\":150,\"height\":150,\"caption\":\"Moulin Lacoste\"},\"image\":{\"@id\":\"https:\/\/moulinlacoste.com\/#\/schema\/logo\/image\/\"}}]}<\/script>\n<!-- \/ Yoast SEO plugin. -->","yoast_head_json":{"title":"M\u00e9lange \u00e0 muffins - Son d'avoine - Moulin Lacoste","robots":{"index":"index","follow":"follow","max-snippet":"max-snippet:-1","max-image-preview":"max-image-preview:large","max-video-preview":"max-video-preview:-1"},"canonical":"https:\/\/moulinlacoste.com\/index.php\/product\/melange-a-muffins-son-davoine\/","og_locale":"fr_FR","og_type":"article","og_title":"M\u00e9lange \u00e0 muffins - Son d'avoine - Moulin Lacoste","og_description":"Le M\u00e9lange \u00e0 Muffins Son d'Avoine combine les bienfaits du son d'avoine, riche en fibres solubles, avec des ingr\u00e9dients biologiques soigneusement s\u00e9lectionn\u00e9s pour une texture ferme. Ce m\u00e9lange nourissant est id\u00e9al pour le petit d\u00e9jeuner ou une collation saine. Le son d'avoine, reconnu pour ses propri\u00e9t\u00e9s b\u00e9n\u00e9fiques pour la sant\u00e9 cardiovasculaire, enrichit ce m\u00e9lange d'une saveur douce et l\u00e9g\u00e8rement sucr\u00e9e.","og_url":"https:\/\/moulinlacoste.com\/index.php\/product\/melange-a-muffins-son-davoine\/","og_site_name":"Moulin Lacoste","article_modified_time":"2025-05-12T22:28:36+00:00","og_image":[{"width":1707,"height":2560,"url":"https:\/\/moulinlacoste.com\/wp-content\/uploads\/2025\/03\/80-Moulin-Lacoste-Produit-Biologique-Muffin-Son-Avoine-scaled.jpg","type":"image\/jpeg"}],"twitter_card":"summary_large_image","twitter_misc":{"Dur\u00e9e de lecture estim\u00e9e":"1 minute"},"schema":{"@context":"https:\/\/schema.org","@graph":[{"@type":"WebPage","@id":"https:\/\/moulinlacoste.com\/index.php\/product\/melange-a-muffins-son-davoine\/","url":"https:\/\/moulinlacoste.com\/index.php\/product\/melange-a-muffins-son-davoine\/","name":"M\u00e9lange \u00e0 muffins - Son d'avoine - Moulin Lacoste","isPartOf":{"@id":"https:\/\/moulinlacoste.com\/#website"},"primaryImageOfPage":{"@id":"https:\/\/moulinlacoste.com\/index.php\/product\/melange-a-muffins-son-davoine\/#primaryimage"},"image":{"@id":"https:\/\/moulinlacoste.com\/index.php\/product\/melange-a-muffins-son-davoine\/#primaryimage"},"thumbnailUrl":"https:\/\/moulinlacoste.com\/wp-content\/uploads\/2025\/03\/80-Moulin-Lacoste-Produit-Biologique-Muffin-Son-Avoine-scaled.jpg","datePublished":"2025-03-09T23:58:06+00:00","dateModified":"2025-05-12T22:28:36+00:00","breadcrumb":{"@id":"https:\/\/moulinlacoste.com\/index.php\/product\/melange-a-muffins-son-davoine\/#breadcrumb"},"inLanguage":"fr-FR","potentialAction":[{"@type":"ReadAction","target":["https:\/\/moulinlacoste.com\/index.php\/product\/melange-a-muffins-son-davoine\/"]}]},{"@type":"ImageObject","inLanguage":"fr-FR","@id":"https:\/\/moulinlacoste.com\/index.php\/product\/melange-a-muffins-son-davoine\/#primaryimage","url":"https:\/\/moulinlacoste.com\/wp-content\/uploads\/2025\/03\/80-Moulin-Lacoste-Produit-Biologique-Muffin-Son-Avoine-scaled.jpg","contentUrl":"https:\/\/moulinlacoste.com\/wp-content\/uploads\/2025\/03\/80-Moulin-Lacoste-Produit-Biologique-Muffin-Son-Avoine-scaled.jpg","width":1707,"height":2560},{"@type":"BreadcrumbList","@id":"https:\/\/moulinlacoste.com\/index.php\/product\/melange-a-muffins-son-davoine\/#breadcrumb","itemListElement":[{"@type":"ListItem","position":1,"name":"Accueil","item":"https:\/\/moulinlacoste.com\/"},{"@type":"ListItem","position":2,"name":"Liste de Produits","item":"https:\/\/moulinlacoste.com\/index.php\/produits\/liste-de-produits\/"},{"@type":"ListItem","position":3,"name":"M\u00e9lange \u00e0 muffins &#8211; Son d&rsquo;avoine"}]},{"@type":"WebSite","@id":"https:\/\/moulinlacoste.com\/#website","url":"https:\/\/moulinlacoste.com\/","name":"Moulin Lacoste","description":"Votre partenaire de confiance au Qu\u00e9bec, o\u00f9 l&#039;histoire qu\u00e9b\u00e9coise rencontre la passion pour une alimentation biologique de qualit\u00e9. Certifi\u00e9s biologiques, nous moulons nos grains avec soin, pr\u00e9servant l&#039;authenticit\u00e9 des saveurs gr\u00e2ce \u00e0 la tradition de la mouture sur meule de pierre. Chaque grain raconte une histoire, chaque farine est une ode \u00e0 la qualit\u00e9 et \u00e0 la durabilit\u00e9. Fond\u00e9 sur des valeurs familiales, notre moulin \u00e0 grain qu\u00e9b\u00e9cois incarne l&#039;amour pour la terre, transmis de g\u00e9n\u00e9ration en g\u00e9n\u00e9ration. Notre engagement envers la qualit\u00e9, notre m\u00e9thode de mouture, et nos liens familiaux font de chaque produit biologique une exp\u00e9rience authentique et d\u00e9licieuse.","publisher":{"@id":"https:\/\/moulinlacoste.com\/#organization"},"potentialAction":[{"@type":"SearchAction","target":{"@type":"EntryPoint","urlTemplate":"https:\/\/moulinlacoste.com\/?s={search_term_string}"},"query-input":{"@type":"PropertyValueSpecification","valueRequired":true,"valueName":"search_term_string"}}],"inLanguage":"fr-FR"},{"@type":"Organization","@id":"https:\/\/moulinlacoste.com\/#organization","name":"Moulin Lacoste","url":"https:\/\/moulinlacoste.com\/","logo":{"@type":"ImageObject","inLanguage":"fr-FR","@id":"https:\/\/moulinlacoste.com\/#\/schema\/logo\/image\/","url":"https:\/\/moulinlacoste.com\/wp-content\/uploads\/2025\/04\/cropped-Logo_ML_Colore-removebg-preview-150x150-1.png","contentUrl":"https:\/\/moulinlacoste.com\/wp-content\/uploads\/2025\/04\/cropped-Logo_ML_Colore-removebg-preview-150x150-1.png","width":150,"height":150,"caption":"Moulin Lacoste"},"image":{"@id":"https:\/\/moulinlacoste.com\/#\/schema\/logo\/image\/"}}]}},"_links":{"self":[{"href":"https:\/\/moulinlacoste.com\/index.php\/wp-json\/wp\/v2\/product\/10650","targetHints":{"allow":["GET"]}}],"collection":[{"href":"https:\/\/moulinlacoste.com\/index.php\/wp-json\/wp\/v2\/product"}],"about":[{"href":"https:\/\/moulinlacoste.com\/index.php\/wp-json\/wp\/v2\/types\/product"}],"replies":[{"embeddable":true,"href":"https:\/\/moulinlacoste.com\/index.php\/wp-json\/wp\/v2\/comments?post=10650"}],"wp:featuredmedia":[{"embeddable":true,"href":"https:\/\/moulinlacoste.com\/index.php\/wp-json\/wp\/v2\/media\/10500"}],"wp:attachment":[{"href":"https:\/\/moulinlacoste.com\/index.php\/wp-json\/wp\/v2\/media?parent=10650"}],"wp:term":[{"taxonomy":"product_cat","embeddable":true,"href":"https:\/\/moulinlacoste.com\/index.php\/wp-json\/wp\/v2\/product_cat?post=10650"},{"taxonomy":"product_tag","embeddable":true,"href":"https:\/\/moulinlacoste.com\/index.php\/wp-json\/wp\/v2\/product_tag?post=10650"}],"curies":[{"name":"wp","href":"https:\/\/api.w.org\/{rel}","templated":true}]}}