{"id":10645,"date":"2025-03-09T23:48:35","date_gmt":"2025-03-09T23:48:35","guid":{"rendered":"https:\/\/imqyjed.cluster051.hosting.ovh.net\/?post_type=product&#038;p=10645"},"modified":"2025-05-12T22:18:33","modified_gmt":"2025-05-12T22:18:33","slug":"melange-a-crepe-sarrasin","status":"publish","type":"product","link":"https:\/\/moulinlacoste.com\/index.php\/product\/melange-a-crepe-sarrasin\/","title":{"rendered":"M\u00e9lange \u00e0 cr\u00eape &#8211; Sarrasin"},"content":{"rendered":"<div class=\"ewa-rteLine\">\n<div class=\"ewa-rteLine\">\n<div class=\"ewa-rteLine\">\n<div class=\"ewa-rteLine\">\n<div class=\"ewa-rteLine\">\n<div class=\"ewa-rteLine\">\n<div class=\"ewa-rteLine\">\n<div class=\"ewa-rteLine\">\n<div class=\"ewa-rteLine\">\n<div class=\"ewa-rteLine\">\n<div class=\"ewa-rteLine\">\n<div class=\"ewa-rteLine\">\n<div class=\"ewa-rteLine\">\n<p class=\"p1\"><b>Recette de Cr\u00eapes :<\/b><\/p>\n<ul class=\"ul1\">\n<li class=\"li1\">250 ml (1 tasse) de <b>M\u00e9lange \u00e0 Cr\u00eapes<\/b><\/li>\n<li class=\"li1\">250 ml (1 tasse) de lait (Avoine, soya, etc.)<\/li>\n<li class=\"li1\">5 ml (1 c \u00e0 th\u00e9) d&rsquo;huile ou de beurre<\/li>\n<li class=\"li1\">1 \u0153uf<\/li>\n<\/ul>\n<p class=\"p1\">M\u00e9langez tous les ingr\u00e9dients au fouet jusqu\u2019\u00e0 obtention d\u2019une consistance lisse et homog\u00e8ne. Pour des cr\u00eapes plus fines, ajoutez un peu de liquide. Cuire \u00e0 feu doux dans un po\u00ealon huil\u00e9 ou beurr\u00e9. Cette recette donne 4 cr\u00eapes parfaites, pr\u00eates \u00e0 \u00eatre servies avec du sirop d\u2019\u00e9rable ou des petits fruits.<\/p>\n<\/div>\n<\/div>\n<\/div>\n<\/div>\n<\/div>\n<\/div>\n<\/div>\n<\/div>\n<\/div>\n<\/div>\n<\/div>\n<\/div>\n<\/div>\n","protected":false},"excerpt":{"rendered":"<div class=\"ewa-rteLine\">\n<div class=\"ewa-rteLine\">\n<div class=\"ewa-rteLine\">\n<div class=\"ewa-rteLine\">\n<div class=\"ewa-rteLine\">\n<div class=\"ewa-rteLine\">\n<div class=\"ewa-rteLine\">\n<div class=\"ewa-rteLine\">\n<div class=\"ewa-rteLine\">\n<div class=\"ewa-rteLine\">Le <strong data-start=\"734\" data-end=\"766\">M\u00e9lange \u00e0 Cr\u00eapes au Sarrasin<\/strong> est une excellente option pour les amateurs de saveurs rustiques. Le sarrasin, cultiv\u00e9 biologiquement et localement, donne \u00e0 ces cr\u00eapes une texture l\u00e9g\u00e8rement plus dense et une saveur unique. Ce m\u00e9lange est parfait pour des cr\u00eapes plus nourrissante, offrant une alternative saine aux m\u00e9langes traditionnelles, tout en apportant les bienfaits du sarrasin, une excellente source de prot\u00e9ines et de min\u00e9raux.<\/div>\n<div><img decoding=\"async\" class=\"alignnone wp-image-10953\" src=\"https:\/\/moulinlacoste.com\/wp-content\/uploads\/2025\/03\/Creation-sans-titre-13-300x300.png\" alt=\"\" width=\"200\" height=\"200\" srcset=\"https:\/\/moulinlacoste.com\/wp-content\/uploads\/2025\/03\/Creation-sans-titre-13-300x300.png 300w, https:\/\/moulinlacoste.com\/wp-content\/uploads\/2025\/03\/Creation-sans-titre-13-100x100.png 100w, https:\/\/moulinlacoste.com\/wp-content\/uploads\/2025\/03\/Creation-sans-titre-13-150x150.png 150w, https:\/\/moulinlacoste.com\/wp-content\/uploads\/2025\/03\/elementor\/thumbs\/Creation-sans-titre-13-r3xiacffb3enlpof2i3gmi80nf3tysql5ezot05hl0.png 250w, https:\/\/moulinlacoste.com\/wp-content\/uploads\/2025\/03\/elementor\/thumbs\/Creation-sans-titre-13-r3xiacfep60fspljv1nvkgsu4r00mx4q7ip3qawvkg.png 200w, https:\/\/moulinlacoste.com\/wp-content\/uploads\/2025\/03\/Creation-sans-titre-13.png 500w\" sizes=\"(max-width: 200px) 100vw, 200px\" \/><\/div>\n<\/div>\n<\/div>\n<\/div>\n<\/div>\n<\/div>\n<\/div>\n<\/div>\n<\/div>\n<\/div>\n","protected":false},"featured_media":10499,"comment_status":"closed","ping_status":"closed","template":"","meta":[],"product_cat":[139,135,36,101],"product_tag":[],"class_list":{"0":"post-10645","1":"product","2":"type-product","3":"status-publish","4":"has-post-thumbnail","6":"product_cat-melanges","7":"product_cat-sarrasin","8":"product_cat-quebec-canada","9":"product_cat-meule-de-pierre","11":"first","12":"instock","13":"shipping-taxable","14":"product-type-simple"},"yoast_head":"<!-- This site is optimized with the Yoast SEO plugin v25.2 - https:\/\/yoast.com\/wordpress\/plugins\/seo\/ -->\n<title>M\u00e9lange \u00e0 cr\u00eape - Sarrasin - Moulin Lacoste<\/title>\n<meta name=\"robots\" content=\"index, follow, max-snippet:-1, max-image-preview:large, max-video-preview:-1\" \/>\n<link rel=\"canonical\" href=\"https:\/\/moulinlacoste.com\/index.php\/product\/melange-a-crepe-sarrasin\/\" \/>\n<meta property=\"og:locale\" content=\"fr_FR\" \/>\n<meta property=\"og:type\" content=\"article\" \/>\n<meta property=\"og:title\" content=\"M\u00e9lange \u00e0 cr\u00eape - Sarrasin - Moulin Lacoste\" \/>\n<meta property=\"og:description\" content=\"Le M\u00e9lange \u00e0 Cr\u00eapes au Sarrasin est une excellente option pour les amateurs de saveurs rustiques. Le sarrasin, cultiv\u00e9 biologiquement et localement, donne \u00e0 ces cr\u00eapes une texture l\u00e9g\u00e8rement plus dense et une saveur unique. Ce m\u00e9lange est parfait pour des cr\u00eapes plus nourrissante, offrant une alternative saine aux m\u00e9langes traditionnelles, tout en apportant les bienfaits du sarrasin, une excellente source de prot\u00e9ines et de min\u00e9raux.\" \/>\n<meta property=\"og:url\" content=\"https:\/\/moulinlacoste.com\/index.php\/product\/melange-a-crepe-sarrasin\/\" \/>\n<meta property=\"og:site_name\" content=\"Moulin Lacoste\" \/>\n<meta property=\"article:modified_time\" content=\"2025-05-12T22:18:33+00:00\" \/>\n<meta property=\"og:image\" content=\"https:\/\/moulinlacoste.com\/wp-content\/uploads\/2025\/03\/79-Moulin-Lacoste-Produit-Biologique-Crepe-Sarrasin-scaled.jpg\" \/>\n\t<meta property=\"og:image:width\" content=\"1707\" \/>\n\t<meta property=\"og:image:height\" content=\"2560\" \/>\n\t<meta property=\"og:image:type\" content=\"image\/jpeg\" \/>\n<meta name=\"twitter:card\" content=\"summary_large_image\" \/>\n<script type=\"application\/ld+json\" class=\"yoast-schema-graph\">{\"@context\":\"https:\/\/schema.org\",\"@graph\":[{\"@type\":\"WebPage\",\"@id\":\"https:\/\/moulinlacoste.com\/index.php\/product\/melange-a-crepe-sarrasin\/\",\"url\":\"https:\/\/moulinlacoste.com\/index.php\/product\/melange-a-crepe-sarrasin\/\",\"name\":\"M\u00e9lange \u00e0 cr\u00eape - Sarrasin - Moulin Lacoste\",\"isPartOf\":{\"@id\":\"https:\/\/moulinlacoste.com\/#website\"},\"primaryImageOfPage\":{\"@id\":\"https:\/\/moulinlacoste.com\/index.php\/product\/melange-a-crepe-sarrasin\/#primaryimage\"},\"image\":{\"@id\":\"https:\/\/moulinlacoste.com\/index.php\/product\/melange-a-crepe-sarrasin\/#primaryimage\"},\"thumbnailUrl\":\"https:\/\/moulinlacoste.com\/wp-content\/uploads\/2025\/03\/79-Moulin-Lacoste-Produit-Biologique-Crepe-Sarrasin-scaled.jpg\",\"datePublished\":\"2025-03-09T23:48:35+00:00\",\"dateModified\":\"2025-05-12T22:18:33+00:00\",\"breadcrumb\":{\"@id\":\"https:\/\/moulinlacoste.com\/index.php\/product\/melange-a-crepe-sarrasin\/#breadcrumb\"},\"inLanguage\":\"fr-FR\",\"potentialAction\":[{\"@type\":\"ReadAction\",\"target\":[\"https:\/\/moulinlacoste.com\/index.php\/product\/melange-a-crepe-sarrasin\/\"]}]},{\"@type\":\"ImageObject\",\"inLanguage\":\"fr-FR\",\"@id\":\"https:\/\/moulinlacoste.com\/index.php\/product\/melange-a-crepe-sarrasin\/#primaryimage\",\"url\":\"https:\/\/moulinlacoste.com\/wp-content\/uploads\/2025\/03\/79-Moulin-Lacoste-Produit-Biologique-Crepe-Sarrasin-scaled.jpg\",\"contentUrl\":\"https:\/\/moulinlacoste.com\/wp-content\/uploads\/2025\/03\/79-Moulin-Lacoste-Produit-Biologique-Crepe-Sarrasin-scaled.jpg\",\"width\":1707,\"height\":2560},{\"@type\":\"BreadcrumbList\",\"@id\":\"https:\/\/moulinlacoste.com\/index.php\/product\/melange-a-crepe-sarrasin\/#breadcrumb\",\"itemListElement\":[{\"@type\":\"ListItem\",\"position\":1,\"name\":\"Accueil\",\"item\":\"https:\/\/moulinlacoste.com\/\"},{\"@type\":\"ListItem\",\"position\":2,\"name\":\"Liste de Produits\",\"item\":\"https:\/\/moulinlacoste.com\/index.php\/produits\/liste-de-produits\/\"},{\"@type\":\"ListItem\",\"position\":3,\"name\":\"M\u00e9lange \u00e0 cr\u00eape &#8211; Sarrasin\"}]},{\"@type\":\"WebSite\",\"@id\":\"https:\/\/moulinlacoste.com\/#website\",\"url\":\"https:\/\/moulinlacoste.com\/\",\"name\":\"Moulin Lacoste\",\"description\":\"Votre partenaire de confiance au Qu\u00e9bec, o\u00f9 l&#039;histoire qu\u00e9b\u00e9coise rencontre la passion pour une alimentation biologique de qualit\u00e9. Certifi\u00e9s biologiques, nous moulons nos grains avec soin, pr\u00e9servant l&#039;authenticit\u00e9 des saveurs gr\u00e2ce \u00e0 la tradition de la mouture sur meule de pierre. Chaque grain raconte une histoire, chaque farine est une ode \u00e0 la qualit\u00e9 et \u00e0 la durabilit\u00e9. Fond\u00e9 sur des valeurs familiales, notre moulin \u00e0 grain qu\u00e9b\u00e9cois incarne l&#039;amour pour la terre, transmis de g\u00e9n\u00e9ration en g\u00e9n\u00e9ration. Notre engagement envers la qualit\u00e9, notre m\u00e9thode de mouture, et nos liens familiaux font de chaque produit biologique une exp\u00e9rience authentique et d\u00e9licieuse.\",\"publisher\":{\"@id\":\"https:\/\/moulinlacoste.com\/#organization\"},\"potentialAction\":[{\"@type\":\"SearchAction\",\"target\":{\"@type\":\"EntryPoint\",\"urlTemplate\":\"https:\/\/moulinlacoste.com\/?s={search_term_string}\"},\"query-input\":{\"@type\":\"PropertyValueSpecification\",\"valueRequired\":true,\"valueName\":\"search_term_string\"}}],\"inLanguage\":\"fr-FR\"},{\"@type\":\"Organization\",\"@id\":\"https:\/\/moulinlacoste.com\/#organization\",\"name\":\"Moulin Lacoste\",\"url\":\"https:\/\/moulinlacoste.com\/\",\"logo\":{\"@type\":\"ImageObject\",\"inLanguage\":\"fr-FR\",\"@id\":\"https:\/\/moulinlacoste.com\/#\/schema\/logo\/image\/\",\"url\":\"https:\/\/moulinlacoste.com\/wp-content\/uploads\/2025\/04\/cropped-Logo_ML_Colore-removebg-preview-150x150-1.png\",\"contentUrl\":\"https:\/\/moulinlacoste.com\/wp-content\/uploads\/2025\/04\/cropped-Logo_ML_Colore-removebg-preview-150x150-1.png\",\"width\":150,\"height\":150,\"caption\":\"Moulin Lacoste\"},\"image\":{\"@id\":\"https:\/\/moulinlacoste.com\/#\/schema\/logo\/image\/\"}}]}<\/script>\n<!-- \/ Yoast SEO plugin. -->","yoast_head_json":{"title":"M\u00e9lange \u00e0 cr\u00eape - Sarrasin - Moulin Lacoste","robots":{"index":"index","follow":"follow","max-snippet":"max-snippet:-1","max-image-preview":"max-image-preview:large","max-video-preview":"max-video-preview:-1"},"canonical":"https:\/\/moulinlacoste.com\/index.php\/product\/melange-a-crepe-sarrasin\/","og_locale":"fr_FR","og_type":"article","og_title":"M\u00e9lange \u00e0 cr\u00eape - Sarrasin - Moulin Lacoste","og_description":"Le M\u00e9lange \u00e0 Cr\u00eapes au Sarrasin est une excellente option pour les amateurs de saveurs rustiques. Le sarrasin, cultiv\u00e9 biologiquement et localement, donne \u00e0 ces cr\u00eapes une texture l\u00e9g\u00e8rement plus dense et une saveur unique. Ce m\u00e9lange est parfait pour des cr\u00eapes plus nourrissante, offrant une alternative saine aux m\u00e9langes traditionnelles, tout en apportant les bienfaits du sarrasin, une excellente source de prot\u00e9ines et de min\u00e9raux.","og_url":"https:\/\/moulinlacoste.com\/index.php\/product\/melange-a-crepe-sarrasin\/","og_site_name":"Moulin Lacoste","article_modified_time":"2025-05-12T22:18:33+00:00","og_image":[{"width":1707,"height":2560,"url":"https:\/\/moulinlacoste.com\/wp-content\/uploads\/2025\/03\/79-Moulin-Lacoste-Produit-Biologique-Crepe-Sarrasin-scaled.jpg","type":"image\/jpeg"}],"twitter_card":"summary_large_image","schema":{"@context":"https:\/\/schema.org","@graph":[{"@type":"WebPage","@id":"https:\/\/moulinlacoste.com\/index.php\/product\/melange-a-crepe-sarrasin\/","url":"https:\/\/moulinlacoste.com\/index.php\/product\/melange-a-crepe-sarrasin\/","name":"M\u00e9lange \u00e0 cr\u00eape - Sarrasin - Moulin Lacoste","isPartOf":{"@id":"https:\/\/moulinlacoste.com\/#website"},"primaryImageOfPage":{"@id":"https:\/\/moulinlacoste.com\/index.php\/product\/melange-a-crepe-sarrasin\/#primaryimage"},"image":{"@id":"https:\/\/moulinlacoste.com\/index.php\/product\/melange-a-crepe-sarrasin\/#primaryimage"},"thumbnailUrl":"https:\/\/moulinlacoste.com\/wp-content\/uploads\/2025\/03\/79-Moulin-Lacoste-Produit-Biologique-Crepe-Sarrasin-scaled.jpg","datePublished":"2025-03-09T23:48:35+00:00","dateModified":"2025-05-12T22:18:33+00:00","breadcrumb":{"@id":"https:\/\/moulinlacoste.com\/index.php\/product\/melange-a-crepe-sarrasin\/#breadcrumb"},"inLanguage":"fr-FR","potentialAction":[{"@type":"ReadAction","target":["https:\/\/moulinlacoste.com\/index.php\/product\/melange-a-crepe-sarrasin\/"]}]},{"@type":"ImageObject","inLanguage":"fr-FR","@id":"https:\/\/moulinlacoste.com\/index.php\/product\/melange-a-crepe-sarrasin\/#primaryimage","url":"https:\/\/moulinlacoste.com\/wp-content\/uploads\/2025\/03\/79-Moulin-Lacoste-Produit-Biologique-Crepe-Sarrasin-scaled.jpg","contentUrl":"https:\/\/moulinlacoste.com\/wp-content\/uploads\/2025\/03\/79-Moulin-Lacoste-Produit-Biologique-Crepe-Sarrasin-scaled.jpg","width":1707,"height":2560},{"@type":"BreadcrumbList","@id":"https:\/\/moulinlacoste.com\/index.php\/product\/melange-a-crepe-sarrasin\/#breadcrumb","itemListElement":[{"@type":"ListItem","position":1,"name":"Accueil","item":"https:\/\/moulinlacoste.com\/"},{"@type":"ListItem","position":2,"name":"Liste de Produits","item":"https:\/\/moulinlacoste.com\/index.php\/produits\/liste-de-produits\/"},{"@type":"ListItem","position":3,"name":"M\u00e9lange \u00e0 cr\u00eape &#8211; Sarrasin"}]},{"@type":"WebSite","@id":"https:\/\/moulinlacoste.com\/#website","url":"https:\/\/moulinlacoste.com\/","name":"Moulin Lacoste","description":"Votre partenaire de confiance au Qu\u00e9bec, o\u00f9 l&#039;histoire qu\u00e9b\u00e9coise rencontre la passion pour une alimentation biologique de qualit\u00e9. Certifi\u00e9s biologiques, nous moulons nos grains avec soin, pr\u00e9servant l&#039;authenticit\u00e9 des saveurs gr\u00e2ce \u00e0 la tradition de la mouture sur meule de pierre. Chaque grain raconte une histoire, chaque farine est une ode \u00e0 la qualit\u00e9 et \u00e0 la durabilit\u00e9. Fond\u00e9 sur des valeurs familiales, notre moulin \u00e0 grain qu\u00e9b\u00e9cois incarne l&#039;amour pour la terre, transmis de g\u00e9n\u00e9ration en g\u00e9n\u00e9ration. Notre engagement envers la qualit\u00e9, notre m\u00e9thode de mouture, et nos liens familiaux font de chaque produit biologique une exp\u00e9rience authentique et d\u00e9licieuse.","publisher":{"@id":"https:\/\/moulinlacoste.com\/#organization"},"potentialAction":[{"@type":"SearchAction","target":{"@type":"EntryPoint","urlTemplate":"https:\/\/moulinlacoste.com\/?s={search_term_string}"},"query-input":{"@type":"PropertyValueSpecification","valueRequired":true,"valueName":"search_term_string"}}],"inLanguage":"fr-FR"},{"@type":"Organization","@id":"https:\/\/moulinlacoste.com\/#organization","name":"Moulin Lacoste","url":"https:\/\/moulinlacoste.com\/","logo":{"@type":"ImageObject","inLanguage":"fr-FR","@id":"https:\/\/moulinlacoste.com\/#\/schema\/logo\/image\/","url":"https:\/\/moulinlacoste.com\/wp-content\/uploads\/2025\/04\/cropped-Logo_ML_Colore-removebg-preview-150x150-1.png","contentUrl":"https:\/\/moulinlacoste.com\/wp-content\/uploads\/2025\/04\/cropped-Logo_ML_Colore-removebg-preview-150x150-1.png","width":150,"height":150,"caption":"Moulin Lacoste"},"image":{"@id":"https:\/\/moulinlacoste.com\/#\/schema\/logo\/image\/"}}]}},"_links":{"self":[{"href":"https:\/\/moulinlacoste.com\/index.php\/wp-json\/wp\/v2\/product\/10645","targetHints":{"allow":["GET"]}}],"collection":[{"href":"https:\/\/moulinlacoste.com\/index.php\/wp-json\/wp\/v2\/product"}],"about":[{"href":"https:\/\/moulinlacoste.com\/index.php\/wp-json\/wp\/v2\/types\/product"}],"replies":[{"embeddable":true,"href":"https:\/\/moulinlacoste.com\/index.php\/wp-json\/wp\/v2\/comments?post=10645"}],"wp:featuredmedia":[{"embeddable":true,"href":"https:\/\/moulinlacoste.com\/index.php\/wp-json\/wp\/v2\/media\/10499"}],"wp:attachment":[{"href":"https:\/\/moulinlacoste.com\/index.php\/wp-json\/wp\/v2\/media?parent=10645"}],"wp:term":[{"taxonomy":"product_cat","embeddable":true,"href":"https:\/\/moulinlacoste.com\/index.php\/wp-json\/wp\/v2\/product_cat?post=10645"},{"taxonomy":"product_tag","embeddable":true,"href":"https:\/\/moulinlacoste.com\/index.php\/wp-json\/wp\/v2\/product_tag?post=10645"}],"curies":[{"name":"wp","href":"https:\/\/api.w.org\/{rel}","templated":true}]}}