{"id":10637,"date":"2025-03-09T23:33:01","date_gmt":"2025-03-09T23:33:01","guid":{"rendered":"https:\/\/imqyjed.cluster051.hosting.ovh.net\/?post_type=product&#038;p=10637"},"modified":"2025-06-05T13:19:35","modified_gmt":"2025-06-05T13:19:35","slug":"sarrasin-noir","status":"publish","type":"product","link":"https:\/\/moulinlacoste.com\/index.php\/product\/sarrasin-noir\/","title":{"rendered":"Sarrasin noir"},"content":{"rendered":"<div class=\"ewa-rteLine\">\n<div class=\"ewa-rteLine\">\n<div class=\"ewa-rteLine\">\n<div class=\"ewa-rteLine\">\n<div class=\"ewa-rteLine\">\n<div class=\"ewa-rteLine\">\n<div class=\"ewa-rteLine\">\n<p><b>Comment devenir fournisseur<\/b><\/p>\n<p class=\"p2\">Nous collaborons avec des agriculteurs locaux engag\u00e9s dans des pratiques biologiques durables. Si vous \u00eates int\u00e9ress\u00e9 par la vente de vos grains, contactez-nous pour discuter des crit\u00e8res de s\u00e9lection et des avantages d\u2019une collaboration. Ensemble, nous contribuerons \u00e0 la production de farines biologiques de qualit\u00e9, tout en soutenant l\u2019agriculture locale.<\/p>\n<\/div>\n<\/div>\n<\/div>\n<\/div>\n<\/div>\n<\/div>\n<\/div>\n","protected":false},"excerpt":{"rendered":"<div class=\"ewa-rteLine\">\n<div class=\"ewa-rteLine\">\n<div class=\"ewa-rteLine\">\n<div class=\"ewa-rteLine\">\n<div class=\"ewa-rteLine\">\n<div class=\"ewa-rteLine\">\n<p class=\"\" data-start=\"103\" data-end=\"506\">Le <strong data-start=\"106\" data-end=\"123\">Sarrasin Noir<\/strong>, cultiv\u00e9 localement au Qu\u00e9bec, est un grain utilis\u00e9 principalement dans la fabrication de farine. Le <strong data-start=\"551\" data-end=\"568\">Sarrasin Noir<\/strong> apporte une texture unique, id\u00e9ale pour les produits de boulangerie comme les galettes, cr\u00eapes, pains et autres recettes. Sa farine est particuli\u00e8rement populaire dans les pr\u00e9parations rustiques et les produits traditionnels.<\/p>\n<p class=\"\" data-start=\"842\" data-end=\"1024\">Cultiv\u00e9 selon des m\u00e9thodes biologiques et durables, le <strong data-start=\"897\" data-end=\"914\">Sarrasin Noir<\/strong> soutient l\u2019agriculture locale qu\u00e9b\u00e9coise tout en offrant une option saine et respectueuse de l\u2019environnement.<\/p>\n<p data-start=\"842\" data-end=\"1024\"><img decoding=\"async\" class=\"alignnone wp-image-10953\" src=\"https:\/\/moulinlacoste.com\/wp-content\/uploads\/2025\/03\/Creation-sans-titre-13-300x300.png\" alt=\"\" width=\"200\" height=\"200\" srcset=\"https:\/\/moulinlacoste.com\/wp-content\/uploads\/2025\/03\/Creation-sans-titre-13-300x300.png 300w, https:\/\/moulinlacoste.com\/wp-content\/uploads\/2025\/03\/Creation-sans-titre-13-100x100.png 100w, https:\/\/moulinlacoste.com\/wp-content\/uploads\/2025\/03\/Creation-sans-titre-13-150x150.png 150w, https:\/\/moulinlacoste.com\/wp-content\/uploads\/2025\/03\/elementor\/thumbs\/Creation-sans-titre-13-r3xiacffb3enlpof2i3gmi80nf3tysql5ezot05hl0.png 250w, https:\/\/moulinlacoste.com\/wp-content\/uploads\/2025\/03\/elementor\/thumbs\/Creation-sans-titre-13-r3xiacfep60fspljv1nvkgsu4r00mx4q7ip3qawvkg.png 200w, https:\/\/moulinlacoste.com\/wp-content\/uploads\/2025\/03\/Creation-sans-titre-13.png 500w\" sizes=\"(max-width: 200px) 100vw, 200px\" \/><\/p>\n<\/div>\n<\/div>\n<\/div>\n<\/div>\n<\/div>\n<\/div>\n","protected":false},"featured_media":10573,"comment_status":"closed","ping_status":"closed","template":"","meta":[],"product_cat":[137,135,36],"product_tag":[],"class_list":{"0":"post-10637","1":"product","2":"type-product","3":"status-publish","4":"has-post-thumbnail","6":"product_cat-grains","7":"product_cat-sarrasin","8":"product_cat-quebec-canada","10":"first","11":"instock","12":"shipping-taxable","13":"product-type-simple"},"yoast_head":"<!-- This site is optimized with the Yoast SEO plugin v25.2 - https:\/\/yoast.com\/wordpress\/plugins\/seo\/ -->\n<title>Sarrasin noir - Moulin Lacoste<\/title>\n<meta name=\"robots\" content=\"index, follow, max-snippet:-1, max-image-preview:large, max-video-preview:-1\" \/>\n<link rel=\"canonical\" href=\"https:\/\/moulinlacoste.com\/index.php\/product\/sarrasin-noir\/\" \/>\n<meta property=\"og:locale\" content=\"fr_FR\" \/>\n<meta property=\"og:type\" content=\"article\" \/>\n<meta property=\"og:title\" content=\"Sarrasin noir - Moulin Lacoste\" \/>\n<meta property=\"og:description\" content=\"Le Sarrasin Noir, cultiv\u00e9 localement au Qu\u00e9bec, est un grain utilis\u00e9 principalement dans la fabrication de farine. Le Sarrasin Noir apporte une texture unique, id\u00e9ale pour les produits de boulangerie comme les galettes, cr\u00eapes, pains et autres recettes. Sa farine est particuli\u00e8rement populaire dans les pr\u00e9parations rustiques et les produits traditionnels. Cultiv\u00e9 selon des m\u00e9thodes biologiques et durables, le Sarrasin Noir soutient l\u2019agriculture locale qu\u00e9b\u00e9coise tout en offrant une option saine et respectueuse de l\u2019environnement.\" \/>\n<meta property=\"og:url\" content=\"https:\/\/moulinlacoste.com\/index.php\/product\/sarrasin-noir\/\" \/>\n<meta property=\"og:site_name\" content=\"Moulin Lacoste\" \/>\n<meta property=\"article:modified_time\" content=\"2025-06-05T13:19:35+00:00\" \/>\n<meta property=\"og:image\" content=\"https:\/\/moulinlacoste.com\/wp-content\/uploads\/2025\/03\/41-Moulin-Lacoste-Grain-Biologique-Sarrasin-Noir-scaled.jpg\" \/>\n\t<meta property=\"og:image:width\" content=\"1707\" \/>\n\t<meta property=\"og:image:height\" content=\"2560\" \/>\n\t<meta property=\"og:image:type\" content=\"image\/jpeg\" \/>\n<meta name=\"twitter:card\" content=\"summary_large_image\" \/>\n<script type=\"application\/ld+json\" class=\"yoast-schema-graph\">{\"@context\":\"https:\/\/schema.org\",\"@graph\":[{\"@type\":\"WebPage\",\"@id\":\"https:\/\/moulinlacoste.com\/index.php\/product\/sarrasin-noir\/\",\"url\":\"https:\/\/moulinlacoste.com\/index.php\/product\/sarrasin-noir\/\",\"name\":\"Sarrasin noir - Moulin Lacoste\",\"isPartOf\":{\"@id\":\"https:\/\/moulinlacoste.com\/#website\"},\"primaryImageOfPage\":{\"@id\":\"https:\/\/moulinlacoste.com\/index.php\/product\/sarrasin-noir\/#primaryimage\"},\"image\":{\"@id\":\"https:\/\/moulinlacoste.com\/index.php\/product\/sarrasin-noir\/#primaryimage\"},\"thumbnailUrl\":\"https:\/\/moulinlacoste.com\/wp-content\/uploads\/2025\/03\/41-Moulin-Lacoste-Grain-Biologique-Sarrasin-Noir-scaled.jpg\",\"datePublished\":\"2025-03-09T23:33:01+00:00\",\"dateModified\":\"2025-06-05T13:19:35+00:00\",\"breadcrumb\":{\"@id\":\"https:\/\/moulinlacoste.com\/index.php\/product\/sarrasin-noir\/#breadcrumb\"},\"inLanguage\":\"fr-FR\",\"potentialAction\":[{\"@type\":\"ReadAction\",\"target\":[\"https:\/\/moulinlacoste.com\/index.php\/product\/sarrasin-noir\/\"]}]},{\"@type\":\"ImageObject\",\"inLanguage\":\"fr-FR\",\"@id\":\"https:\/\/moulinlacoste.com\/index.php\/product\/sarrasin-noir\/#primaryimage\",\"url\":\"https:\/\/moulinlacoste.com\/wp-content\/uploads\/2025\/03\/41-Moulin-Lacoste-Grain-Biologique-Sarrasin-Noir-scaled.jpg\",\"contentUrl\":\"https:\/\/moulinlacoste.com\/wp-content\/uploads\/2025\/03\/41-Moulin-Lacoste-Grain-Biologique-Sarrasin-Noir-scaled.jpg\",\"width\":1707,\"height\":2560},{\"@type\":\"BreadcrumbList\",\"@id\":\"https:\/\/moulinlacoste.com\/index.php\/product\/sarrasin-noir\/#breadcrumb\",\"itemListElement\":[{\"@type\":\"ListItem\",\"position\":1,\"name\":\"Accueil\",\"item\":\"https:\/\/moulinlacoste.com\/\"},{\"@type\":\"ListItem\",\"position\":2,\"name\":\"Liste de Produits\",\"item\":\"https:\/\/moulinlacoste.com\/index.php\/produits\/liste-de-produits\/\"},{\"@type\":\"ListItem\",\"position\":3,\"name\":\"Sarrasin noir\"}]},{\"@type\":\"WebSite\",\"@id\":\"https:\/\/moulinlacoste.com\/#website\",\"url\":\"https:\/\/moulinlacoste.com\/\",\"name\":\"Moulin Lacoste\",\"description\":\"Votre partenaire de confiance au Qu\u00e9bec, o\u00f9 l&#039;histoire qu\u00e9b\u00e9coise rencontre la passion pour une alimentation biologique de qualit\u00e9. Certifi\u00e9s biologiques, nous moulons nos grains avec soin, pr\u00e9servant l&#039;authenticit\u00e9 des saveurs gr\u00e2ce \u00e0 la tradition de la mouture sur meule de pierre. Chaque grain raconte une histoire, chaque farine est une ode \u00e0 la qualit\u00e9 et \u00e0 la durabilit\u00e9. Fond\u00e9 sur des valeurs familiales, notre moulin \u00e0 grain qu\u00e9b\u00e9cois incarne l&#039;amour pour la terre, transmis de g\u00e9n\u00e9ration en g\u00e9n\u00e9ration. Notre engagement envers la qualit\u00e9, notre m\u00e9thode de mouture, et nos liens familiaux font de chaque produit biologique une exp\u00e9rience authentique et d\u00e9licieuse.\",\"publisher\":{\"@id\":\"https:\/\/moulinlacoste.com\/#organization\"},\"potentialAction\":[{\"@type\":\"SearchAction\",\"target\":{\"@type\":\"EntryPoint\",\"urlTemplate\":\"https:\/\/moulinlacoste.com\/?s={search_term_string}\"},\"query-input\":{\"@type\":\"PropertyValueSpecification\",\"valueRequired\":true,\"valueName\":\"search_term_string\"}}],\"inLanguage\":\"fr-FR\"},{\"@type\":\"Organization\",\"@id\":\"https:\/\/moulinlacoste.com\/#organization\",\"name\":\"Moulin Lacoste\",\"url\":\"https:\/\/moulinlacoste.com\/\",\"logo\":{\"@type\":\"ImageObject\",\"inLanguage\":\"fr-FR\",\"@id\":\"https:\/\/moulinlacoste.com\/#\/schema\/logo\/image\/\",\"url\":\"https:\/\/moulinlacoste.com\/wp-content\/uploads\/2025\/04\/cropped-Logo_ML_Colore-removebg-preview-150x150-1.png\",\"contentUrl\":\"https:\/\/moulinlacoste.com\/wp-content\/uploads\/2025\/04\/cropped-Logo_ML_Colore-removebg-preview-150x150-1.png\",\"width\":150,\"height\":150,\"caption\":\"Moulin Lacoste\"},\"image\":{\"@id\":\"https:\/\/moulinlacoste.com\/#\/schema\/logo\/image\/\"}}]}<\/script>\n<!-- \/ Yoast SEO plugin. -->","yoast_head_json":{"title":"Sarrasin noir - Moulin Lacoste","robots":{"index":"index","follow":"follow","max-snippet":"max-snippet:-1","max-image-preview":"max-image-preview:large","max-video-preview":"max-video-preview:-1"},"canonical":"https:\/\/moulinlacoste.com\/index.php\/product\/sarrasin-noir\/","og_locale":"fr_FR","og_type":"article","og_title":"Sarrasin noir - Moulin Lacoste","og_description":"Le Sarrasin Noir, cultiv\u00e9 localement au Qu\u00e9bec, est un grain utilis\u00e9 principalement dans la fabrication de farine. Le Sarrasin Noir apporte une texture unique, id\u00e9ale pour les produits de boulangerie comme les galettes, cr\u00eapes, pains et autres recettes. Sa farine est particuli\u00e8rement populaire dans les pr\u00e9parations rustiques et les produits traditionnels. Cultiv\u00e9 selon des m\u00e9thodes biologiques et durables, le Sarrasin Noir soutient l\u2019agriculture locale qu\u00e9b\u00e9coise tout en offrant une option saine et respectueuse de l\u2019environnement.","og_url":"https:\/\/moulinlacoste.com\/index.php\/product\/sarrasin-noir\/","og_site_name":"Moulin Lacoste","article_modified_time":"2025-06-05T13:19:35+00:00","og_image":[{"width":1707,"height":2560,"url":"https:\/\/moulinlacoste.com\/wp-content\/uploads\/2025\/03\/41-Moulin-Lacoste-Grain-Biologique-Sarrasin-Noir-scaled.jpg","type":"image\/jpeg"}],"twitter_card":"summary_large_image","schema":{"@context":"https:\/\/schema.org","@graph":[{"@type":"WebPage","@id":"https:\/\/moulinlacoste.com\/index.php\/product\/sarrasin-noir\/","url":"https:\/\/moulinlacoste.com\/index.php\/product\/sarrasin-noir\/","name":"Sarrasin noir - Moulin Lacoste","isPartOf":{"@id":"https:\/\/moulinlacoste.com\/#website"},"primaryImageOfPage":{"@id":"https:\/\/moulinlacoste.com\/index.php\/product\/sarrasin-noir\/#primaryimage"},"image":{"@id":"https:\/\/moulinlacoste.com\/index.php\/product\/sarrasin-noir\/#primaryimage"},"thumbnailUrl":"https:\/\/moulinlacoste.com\/wp-content\/uploads\/2025\/03\/41-Moulin-Lacoste-Grain-Biologique-Sarrasin-Noir-scaled.jpg","datePublished":"2025-03-09T23:33:01+00:00","dateModified":"2025-06-05T13:19:35+00:00","breadcrumb":{"@id":"https:\/\/moulinlacoste.com\/index.php\/product\/sarrasin-noir\/#breadcrumb"},"inLanguage":"fr-FR","potentialAction":[{"@type":"ReadAction","target":["https:\/\/moulinlacoste.com\/index.php\/product\/sarrasin-noir\/"]}]},{"@type":"ImageObject","inLanguage":"fr-FR","@id":"https:\/\/moulinlacoste.com\/index.php\/product\/sarrasin-noir\/#primaryimage","url":"https:\/\/moulinlacoste.com\/wp-content\/uploads\/2025\/03\/41-Moulin-Lacoste-Grain-Biologique-Sarrasin-Noir-scaled.jpg","contentUrl":"https:\/\/moulinlacoste.com\/wp-content\/uploads\/2025\/03\/41-Moulin-Lacoste-Grain-Biologique-Sarrasin-Noir-scaled.jpg","width":1707,"height":2560},{"@type":"BreadcrumbList","@id":"https:\/\/moulinlacoste.com\/index.php\/product\/sarrasin-noir\/#breadcrumb","itemListElement":[{"@type":"ListItem","position":1,"name":"Accueil","item":"https:\/\/moulinlacoste.com\/"},{"@type":"ListItem","position":2,"name":"Liste de Produits","item":"https:\/\/moulinlacoste.com\/index.php\/produits\/liste-de-produits\/"},{"@type":"ListItem","position":3,"name":"Sarrasin noir"}]},{"@type":"WebSite","@id":"https:\/\/moulinlacoste.com\/#website","url":"https:\/\/moulinlacoste.com\/","name":"Moulin Lacoste","description":"Votre partenaire de confiance au Qu\u00e9bec, o\u00f9 l&#039;histoire qu\u00e9b\u00e9coise rencontre la passion pour une alimentation biologique de qualit\u00e9. Certifi\u00e9s biologiques, nous moulons nos grains avec soin, pr\u00e9servant l&#039;authenticit\u00e9 des saveurs gr\u00e2ce \u00e0 la tradition de la mouture sur meule de pierre. Chaque grain raconte une histoire, chaque farine est une ode \u00e0 la qualit\u00e9 et \u00e0 la durabilit\u00e9. Fond\u00e9 sur des valeurs familiales, notre moulin \u00e0 grain qu\u00e9b\u00e9cois incarne l&#039;amour pour la terre, transmis de g\u00e9n\u00e9ration en g\u00e9n\u00e9ration. Notre engagement envers la qualit\u00e9, notre m\u00e9thode de mouture, et nos liens familiaux font de chaque produit biologique une exp\u00e9rience authentique et d\u00e9licieuse.","publisher":{"@id":"https:\/\/moulinlacoste.com\/#organization"},"potentialAction":[{"@type":"SearchAction","target":{"@type":"EntryPoint","urlTemplate":"https:\/\/moulinlacoste.com\/?s={search_term_string}"},"query-input":{"@type":"PropertyValueSpecification","valueRequired":true,"valueName":"search_term_string"}}],"inLanguage":"fr-FR"},{"@type":"Organization","@id":"https:\/\/moulinlacoste.com\/#organization","name":"Moulin Lacoste","url":"https:\/\/moulinlacoste.com\/","logo":{"@type":"ImageObject","inLanguage":"fr-FR","@id":"https:\/\/moulinlacoste.com\/#\/schema\/logo\/image\/","url":"https:\/\/moulinlacoste.com\/wp-content\/uploads\/2025\/04\/cropped-Logo_ML_Colore-removebg-preview-150x150-1.png","contentUrl":"https:\/\/moulinlacoste.com\/wp-content\/uploads\/2025\/04\/cropped-Logo_ML_Colore-removebg-preview-150x150-1.png","width":150,"height":150,"caption":"Moulin Lacoste"},"image":{"@id":"https:\/\/moulinlacoste.com\/#\/schema\/logo\/image\/"}}]}},"_links":{"self":[{"href":"https:\/\/moulinlacoste.com\/index.php\/wp-json\/wp\/v2\/product\/10637","targetHints":{"allow":["GET"]}}],"collection":[{"href":"https:\/\/moulinlacoste.com\/index.php\/wp-json\/wp\/v2\/product"}],"about":[{"href":"https:\/\/moulinlacoste.com\/index.php\/wp-json\/wp\/v2\/types\/product"}],"replies":[{"embeddable":true,"href":"https:\/\/moulinlacoste.com\/index.php\/wp-json\/wp\/v2\/comments?post=10637"}],"wp:featuredmedia":[{"embeddable":true,"href":"https:\/\/moulinlacoste.com\/index.php\/wp-json\/wp\/v2\/media\/10573"}],"wp:attachment":[{"href":"https:\/\/moulinlacoste.com\/index.php\/wp-json\/wp\/v2\/media?parent=10637"}],"wp:term":[{"taxonomy":"product_cat","embeddable":true,"href":"https:\/\/moulinlacoste.com\/index.php\/wp-json\/wp\/v2\/product_cat?post=10637"},{"taxonomy":"product_tag","embeddable":true,"href":"https:\/\/moulinlacoste.com\/index.php\/wp-json\/wp\/v2\/product_tag?post=10637"}],"curies":[{"name":"wp","href":"https:\/\/api.w.org\/{rel}","templated":true}]}}