{"id":10621,"date":"2025-03-07T01:00:51","date_gmt":"2025-03-07T01:00:51","guid":{"rendered":"https:\/\/imqyjed.cluster051.hosting.ovh.net\/?post_type=product&#038;p=10621"},"modified":"2025-05-12T21:12:47","modified_gmt":"2025-05-12T21:12:47","slug":"criblure-pour-alimentation-animal","status":"publish","type":"product","link":"https:\/\/moulinlacoste.com\/index.php\/product\/criblure-pour-alimentation-animal\/","title":{"rendered":"Criblure pour alimentation animal"},"content":{"rendered":"<div class=\"ewa-rteLine\">\n<div class=\"ewa-rteLine\">\n<div class=\"ewa-rteLine\">\n<div class=\"ewa-rteLine\">\n<div class=\"ewa-rteLine\">\n<div class=\"ewa-rteLine\">\n<div class=\"ewa-rteLine\">\n<div class=\"ewa-rteLine\">\n<p class=\"p1\"><b>Mouture sur Marteau<\/b><\/p>\n<p class=\"p1\">La <b>mouture sur marteau<\/b> est un proc\u00e9d\u00e9 m\u00e9canique moderne qui utilise des marteaux rotatifs pour broyer le grain en une poudre fine. La mouture sur marteau permet de pr\u00e9server une grande partie des nutriments du grain, en particulier les prot\u00e9ines et les fibres. Ce proc\u00e9d\u00e9 est couramment utilis\u00e9 pour les farines destin\u00e9es \u00e0 des applications industrielles.<\/p>\n<\/div>\n<\/div>\n<\/div>\n<\/div>\n<\/div>\n<\/div>\n<\/div>\n<\/div>\n","protected":false},"excerpt":{"rendered":"<div class=\"ewa-rteLine\">\n<div class=\"ewa-rteLine\">\n<div class=\"ewa-rteLine\">\n<div class=\"ewa-rteLine\">\n<div class=\"ewa-rteLine\">\n<div class=\"ewa-rteLine\">\n<div class=\"ewa-rteLine\">\n<div class=\"ewa-rteLine\">\n<p class=\"\" data-start=\"145\" data-end=\"507\">La <strong data-start=\"148\" data-end=\"186\">Criblure pour Alimentation Animale<\/strong>, produite localement au Qu\u00e9bec, est un produit issu du nettoyage des grains, principalement utilis\u00e9 dans l&rsquo;alimentation animale. Ce produit est riche en fibres et en nutriments essentiels pour les animaux, offrant une source naturelle de nourriture pour le b\u00e9tail, les volailles et autres animaux d&rsquo;\u00e9levage.<\/p>\n<p class=\"\" data-start=\"509\" data-end=\"817\">Utilis\u00e9e pour enrichir les rations alimentaires, la criblure contribue \u00e0 une digestion saine chez les animaux, tout en favorisant leur croissance et leur bien-\u00eatre g\u00e9n\u00e9ral. Ce produit est une alternative durable et \u00e9conomique, tout en \u00e9tant un excellent moyen de valoriser les sous-produits agricoles locaux.<\/p>\n<p data-start=\"509\" data-end=\"817\"><img decoding=\"async\" class=\"alignnone wp-image-10953\" src=\"https:\/\/moulinlacoste.com\/wp-content\/uploads\/2025\/03\/Creation-sans-titre-13-300x300.png\" alt=\"\" width=\"200\" height=\"200\" srcset=\"https:\/\/moulinlacoste.com\/wp-content\/uploads\/2025\/03\/Creation-sans-titre-13-300x300.png 300w, https:\/\/moulinlacoste.com\/wp-content\/uploads\/2025\/03\/Creation-sans-titre-13-100x100.png 100w, https:\/\/moulinlacoste.com\/wp-content\/uploads\/2025\/03\/Creation-sans-titre-13-150x150.png 150w, https:\/\/moulinlacoste.com\/wp-content\/uploads\/2025\/03\/elementor\/thumbs\/Creation-sans-titre-13-r3xiacffb3enlpof2i3gmi80nf3tysql5ezot05hl0.png 250w, https:\/\/moulinlacoste.com\/wp-content\/uploads\/2025\/03\/elementor\/thumbs\/Creation-sans-titre-13-r3xiacfep60fspljv1nvkgsu4r00mx4q7ip3qawvkg.png 200w, https:\/\/moulinlacoste.com\/wp-content\/uploads\/2025\/03\/Creation-sans-titre-13.png 500w\" sizes=\"(max-width: 200px) 100vw, 200px\" \/><\/p>\n<\/div>\n<\/div>\n<\/div>\n<\/div>\n<\/div>\n<\/div>\n<\/div>\n<\/div>\n","protected":false},"featured_media":10534,"comment_status":"closed","ping_status":"closed","template":"","meta":[],"product_cat":[175,140,36],"product_tag":[],"class_list":{"0":"post-10621","1":"product","2":"type-product","3":"status-publish","4":"has-post-thumbnail","6":"product_cat-marteau","7":"product_cat-autres","8":"product_cat-quebec-canada","10":"first","11":"instock","12":"shipping-taxable","13":"product-type-simple"},"yoast_head":"<!-- This site is optimized with the Yoast SEO plugin v25.2 - https:\/\/yoast.com\/wordpress\/plugins\/seo\/ -->\n<title>Criblure pour alimentation animal - Moulin Lacoste<\/title>\n<meta name=\"robots\" content=\"index, follow, max-snippet:-1, max-image-preview:large, max-video-preview:-1\" \/>\n<link rel=\"canonical\" href=\"https:\/\/moulinlacoste.com\/index.php\/product\/criblure-pour-alimentation-animal\/\" \/>\n<meta property=\"og:locale\" content=\"fr_FR\" \/>\n<meta property=\"og:type\" content=\"article\" \/>\n<meta property=\"og:title\" content=\"Criblure pour alimentation animal - Moulin Lacoste\" \/>\n<meta property=\"og:description\" content=\"La Criblure pour Alimentation Animale, produite localement au Qu\u00e9bec, est un produit issu du nettoyage des grains, principalement utilis\u00e9 dans l&#039;alimentation animale. Ce produit est riche en fibres et en nutriments essentiels pour les animaux, offrant une source naturelle de nourriture pour le b\u00e9tail, les volailles et autres animaux d&#039;\u00e9levage. Utilis\u00e9e pour enrichir les rations alimentaires, la criblure contribue \u00e0 une digestion saine chez les animaux, tout en favorisant leur croissance et leur bien-\u00eatre g\u00e9n\u00e9ral. Ce produit est une alternative durable et \u00e9conomique, tout en \u00e9tant un excellent moyen de valoriser les sous-produits agricoles locaux.\" \/>\n<meta property=\"og:url\" content=\"https:\/\/moulinlacoste.com\/index.php\/product\/criblure-pour-alimentation-animal\/\" \/>\n<meta property=\"og:site_name\" content=\"Moulin Lacoste\" \/>\n<meta property=\"article:modified_time\" content=\"2025-05-12T21:12:47+00:00\" \/>\n<meta property=\"og:image\" content=\"https:\/\/moulinlacoste.com\/wp-content\/uploads\/2025\/03\/76-Moulin-Lacoste-Produit-Biologique-Criblure-scaled.jpg\" \/>\n\t<meta property=\"og:image:width\" content=\"1707\" \/>\n\t<meta property=\"og:image:height\" content=\"2560\" \/>\n\t<meta property=\"og:image:type\" content=\"image\/jpeg\" \/>\n<meta name=\"twitter:card\" content=\"summary_large_image\" \/>\n<script type=\"application\/ld+json\" class=\"yoast-schema-graph\">{\"@context\":\"https:\/\/schema.org\",\"@graph\":[{\"@type\":\"WebPage\",\"@id\":\"https:\/\/moulinlacoste.com\/index.php\/product\/criblure-pour-alimentation-animal\/\",\"url\":\"https:\/\/moulinlacoste.com\/index.php\/product\/criblure-pour-alimentation-animal\/\",\"name\":\"Criblure pour alimentation animal - Moulin Lacoste\",\"isPartOf\":{\"@id\":\"https:\/\/moulinlacoste.com\/#website\"},\"primaryImageOfPage\":{\"@id\":\"https:\/\/moulinlacoste.com\/index.php\/product\/criblure-pour-alimentation-animal\/#primaryimage\"},\"image\":{\"@id\":\"https:\/\/moulinlacoste.com\/index.php\/product\/criblure-pour-alimentation-animal\/#primaryimage\"},\"thumbnailUrl\":\"https:\/\/moulinlacoste.com\/wp-content\/uploads\/2025\/03\/76-Moulin-Lacoste-Produit-Biologique-Criblure-scaled.jpg\",\"datePublished\":\"2025-03-07T01:00:51+00:00\",\"dateModified\":\"2025-05-12T21:12:47+00:00\",\"breadcrumb\":{\"@id\":\"https:\/\/moulinlacoste.com\/index.php\/product\/criblure-pour-alimentation-animal\/#breadcrumb\"},\"inLanguage\":\"fr-FR\",\"potentialAction\":[{\"@type\":\"ReadAction\",\"target\":[\"https:\/\/moulinlacoste.com\/index.php\/product\/criblure-pour-alimentation-animal\/\"]}]},{\"@type\":\"ImageObject\",\"inLanguage\":\"fr-FR\",\"@id\":\"https:\/\/moulinlacoste.com\/index.php\/product\/criblure-pour-alimentation-animal\/#primaryimage\",\"url\":\"https:\/\/moulinlacoste.com\/wp-content\/uploads\/2025\/03\/76-Moulin-Lacoste-Produit-Biologique-Criblure-scaled.jpg\",\"contentUrl\":\"https:\/\/moulinlacoste.com\/wp-content\/uploads\/2025\/03\/76-Moulin-Lacoste-Produit-Biologique-Criblure-scaled.jpg\",\"width\":1707,\"height\":2560},{\"@type\":\"BreadcrumbList\",\"@id\":\"https:\/\/moulinlacoste.com\/index.php\/product\/criblure-pour-alimentation-animal\/#breadcrumb\",\"itemListElement\":[{\"@type\":\"ListItem\",\"position\":1,\"name\":\"Accueil\",\"item\":\"https:\/\/moulinlacoste.com\/\"},{\"@type\":\"ListItem\",\"position\":2,\"name\":\"Liste de Produits\",\"item\":\"https:\/\/moulinlacoste.com\/index.php\/produits\/liste-de-produits\/\"},{\"@type\":\"ListItem\",\"position\":3,\"name\":\"Criblure pour alimentation animal\"}]},{\"@type\":\"WebSite\",\"@id\":\"https:\/\/moulinlacoste.com\/#website\",\"url\":\"https:\/\/moulinlacoste.com\/\",\"name\":\"Moulin Lacoste\",\"description\":\"Votre partenaire de confiance au Qu\u00e9bec, o\u00f9 l&#039;histoire qu\u00e9b\u00e9coise rencontre la passion pour une alimentation biologique de qualit\u00e9. Certifi\u00e9s biologiques, nous moulons nos grains avec soin, pr\u00e9servant l&#039;authenticit\u00e9 des saveurs gr\u00e2ce \u00e0 la tradition de la mouture sur meule de pierre. Chaque grain raconte une histoire, chaque farine est une ode \u00e0 la qualit\u00e9 et \u00e0 la durabilit\u00e9. Fond\u00e9 sur des valeurs familiales, notre moulin \u00e0 grain qu\u00e9b\u00e9cois incarne l&#039;amour pour la terre, transmis de g\u00e9n\u00e9ration en g\u00e9n\u00e9ration. Notre engagement envers la qualit\u00e9, notre m\u00e9thode de mouture, et nos liens familiaux font de chaque produit biologique une exp\u00e9rience authentique et d\u00e9licieuse.\",\"publisher\":{\"@id\":\"https:\/\/moulinlacoste.com\/#organization\"},\"potentialAction\":[{\"@type\":\"SearchAction\",\"target\":{\"@type\":\"EntryPoint\",\"urlTemplate\":\"https:\/\/moulinlacoste.com\/?s={search_term_string}\"},\"query-input\":{\"@type\":\"PropertyValueSpecification\",\"valueRequired\":true,\"valueName\":\"search_term_string\"}}],\"inLanguage\":\"fr-FR\"},{\"@type\":\"Organization\",\"@id\":\"https:\/\/moulinlacoste.com\/#organization\",\"name\":\"Moulin Lacoste\",\"url\":\"https:\/\/moulinlacoste.com\/\",\"logo\":{\"@type\":\"ImageObject\",\"inLanguage\":\"fr-FR\",\"@id\":\"https:\/\/moulinlacoste.com\/#\/schema\/logo\/image\/\",\"url\":\"https:\/\/moulinlacoste.com\/wp-content\/uploads\/2025\/04\/cropped-Logo_ML_Colore-removebg-preview-150x150-1.png\",\"contentUrl\":\"https:\/\/moulinlacoste.com\/wp-content\/uploads\/2025\/04\/cropped-Logo_ML_Colore-removebg-preview-150x150-1.png\",\"width\":150,\"height\":150,\"caption\":\"Moulin Lacoste\"},\"image\":{\"@id\":\"https:\/\/moulinlacoste.com\/#\/schema\/logo\/image\/\"}}]}<\/script>\n<!-- \/ Yoast SEO plugin. -->","yoast_head_json":{"title":"Criblure pour alimentation animal - Moulin Lacoste","robots":{"index":"index","follow":"follow","max-snippet":"max-snippet:-1","max-image-preview":"max-image-preview:large","max-video-preview":"max-video-preview:-1"},"canonical":"https:\/\/moulinlacoste.com\/index.php\/product\/criblure-pour-alimentation-animal\/","og_locale":"fr_FR","og_type":"article","og_title":"Criblure pour alimentation animal - Moulin Lacoste","og_description":"La Criblure pour Alimentation Animale, produite localement au Qu\u00e9bec, est un produit issu du nettoyage des grains, principalement utilis\u00e9 dans l'alimentation animale. Ce produit est riche en fibres et en nutriments essentiels pour les animaux, offrant une source naturelle de nourriture pour le b\u00e9tail, les volailles et autres animaux d'\u00e9levage. Utilis\u00e9e pour enrichir les rations alimentaires, la criblure contribue \u00e0 une digestion saine chez les animaux, tout en favorisant leur croissance et leur bien-\u00eatre g\u00e9n\u00e9ral. Ce produit est une alternative durable et \u00e9conomique, tout en \u00e9tant un excellent moyen de valoriser les sous-produits agricoles locaux.","og_url":"https:\/\/moulinlacoste.com\/index.php\/product\/criblure-pour-alimentation-animal\/","og_site_name":"Moulin Lacoste","article_modified_time":"2025-05-12T21:12:47+00:00","og_image":[{"width":1707,"height":2560,"url":"https:\/\/moulinlacoste.com\/wp-content\/uploads\/2025\/03\/76-Moulin-Lacoste-Produit-Biologique-Criblure-scaled.jpg","type":"image\/jpeg"}],"twitter_card":"summary_large_image","schema":{"@context":"https:\/\/schema.org","@graph":[{"@type":"WebPage","@id":"https:\/\/moulinlacoste.com\/index.php\/product\/criblure-pour-alimentation-animal\/","url":"https:\/\/moulinlacoste.com\/index.php\/product\/criblure-pour-alimentation-animal\/","name":"Criblure pour alimentation animal - Moulin Lacoste","isPartOf":{"@id":"https:\/\/moulinlacoste.com\/#website"},"primaryImageOfPage":{"@id":"https:\/\/moulinlacoste.com\/index.php\/product\/criblure-pour-alimentation-animal\/#primaryimage"},"image":{"@id":"https:\/\/moulinlacoste.com\/index.php\/product\/criblure-pour-alimentation-animal\/#primaryimage"},"thumbnailUrl":"https:\/\/moulinlacoste.com\/wp-content\/uploads\/2025\/03\/76-Moulin-Lacoste-Produit-Biologique-Criblure-scaled.jpg","datePublished":"2025-03-07T01:00:51+00:00","dateModified":"2025-05-12T21:12:47+00:00","breadcrumb":{"@id":"https:\/\/moulinlacoste.com\/index.php\/product\/criblure-pour-alimentation-animal\/#breadcrumb"},"inLanguage":"fr-FR","potentialAction":[{"@type":"ReadAction","target":["https:\/\/moulinlacoste.com\/index.php\/product\/criblure-pour-alimentation-animal\/"]}]},{"@type":"ImageObject","inLanguage":"fr-FR","@id":"https:\/\/moulinlacoste.com\/index.php\/product\/criblure-pour-alimentation-animal\/#primaryimage","url":"https:\/\/moulinlacoste.com\/wp-content\/uploads\/2025\/03\/76-Moulin-Lacoste-Produit-Biologique-Criblure-scaled.jpg","contentUrl":"https:\/\/moulinlacoste.com\/wp-content\/uploads\/2025\/03\/76-Moulin-Lacoste-Produit-Biologique-Criblure-scaled.jpg","width":1707,"height":2560},{"@type":"BreadcrumbList","@id":"https:\/\/moulinlacoste.com\/index.php\/product\/criblure-pour-alimentation-animal\/#breadcrumb","itemListElement":[{"@type":"ListItem","position":1,"name":"Accueil","item":"https:\/\/moulinlacoste.com\/"},{"@type":"ListItem","position":2,"name":"Liste de Produits","item":"https:\/\/moulinlacoste.com\/index.php\/produits\/liste-de-produits\/"},{"@type":"ListItem","position":3,"name":"Criblure pour alimentation animal"}]},{"@type":"WebSite","@id":"https:\/\/moulinlacoste.com\/#website","url":"https:\/\/moulinlacoste.com\/","name":"Moulin Lacoste","description":"Votre partenaire de confiance au Qu\u00e9bec, o\u00f9 l&#039;histoire qu\u00e9b\u00e9coise rencontre la passion pour une alimentation biologique de qualit\u00e9. Certifi\u00e9s biologiques, nous moulons nos grains avec soin, pr\u00e9servant l&#039;authenticit\u00e9 des saveurs gr\u00e2ce \u00e0 la tradition de la mouture sur meule de pierre. Chaque grain raconte une histoire, chaque farine est une ode \u00e0 la qualit\u00e9 et \u00e0 la durabilit\u00e9. Fond\u00e9 sur des valeurs familiales, notre moulin \u00e0 grain qu\u00e9b\u00e9cois incarne l&#039;amour pour la terre, transmis de g\u00e9n\u00e9ration en g\u00e9n\u00e9ration. Notre engagement envers la qualit\u00e9, notre m\u00e9thode de mouture, et nos liens familiaux font de chaque produit biologique une exp\u00e9rience authentique et d\u00e9licieuse.","publisher":{"@id":"https:\/\/moulinlacoste.com\/#organization"},"potentialAction":[{"@type":"SearchAction","target":{"@type":"EntryPoint","urlTemplate":"https:\/\/moulinlacoste.com\/?s={search_term_string}"},"query-input":{"@type":"PropertyValueSpecification","valueRequired":true,"valueName":"search_term_string"}}],"inLanguage":"fr-FR"},{"@type":"Organization","@id":"https:\/\/moulinlacoste.com\/#organization","name":"Moulin Lacoste","url":"https:\/\/moulinlacoste.com\/","logo":{"@type":"ImageObject","inLanguage":"fr-FR","@id":"https:\/\/moulinlacoste.com\/#\/schema\/logo\/image\/","url":"https:\/\/moulinlacoste.com\/wp-content\/uploads\/2025\/04\/cropped-Logo_ML_Colore-removebg-preview-150x150-1.png","contentUrl":"https:\/\/moulinlacoste.com\/wp-content\/uploads\/2025\/04\/cropped-Logo_ML_Colore-removebg-preview-150x150-1.png","width":150,"height":150,"caption":"Moulin Lacoste"},"image":{"@id":"https:\/\/moulinlacoste.com\/#\/schema\/logo\/image\/"}}]}},"_links":{"self":[{"href":"https:\/\/moulinlacoste.com\/index.php\/wp-json\/wp\/v2\/product\/10621","targetHints":{"allow":["GET"]}}],"collection":[{"href":"https:\/\/moulinlacoste.com\/index.php\/wp-json\/wp\/v2\/product"}],"about":[{"href":"https:\/\/moulinlacoste.com\/index.php\/wp-json\/wp\/v2\/types\/product"}],"replies":[{"embeddable":true,"href":"https:\/\/moulinlacoste.com\/index.php\/wp-json\/wp\/v2\/comments?post=10621"}],"wp:featuredmedia":[{"embeddable":true,"href":"https:\/\/moulinlacoste.com\/index.php\/wp-json\/wp\/v2\/media\/10534"}],"wp:attachment":[{"href":"https:\/\/moulinlacoste.com\/index.php\/wp-json\/wp\/v2\/media?parent=10621"}],"wp:term":[{"taxonomy":"product_cat","embeddable":true,"href":"https:\/\/moulinlacoste.com\/index.php\/wp-json\/wp\/v2\/product_cat?post=10621"},{"taxonomy":"product_tag","embeddable":true,"href":"https:\/\/moulinlacoste.com\/index.php\/wp-json\/wp\/v2\/product_tag?post=10621"}],"curies":[{"name":"wp","href":"https:\/\/api.w.org\/{rel}","templated":true}]}}